{"id":9334,"date":"2024-01-30T08:11:27","date_gmt":"2024-01-30T08:11:27","guid":{"rendered":"https:\/\/www.iburmar.com\/WEB\/?page_id=9334"},"modified":"2026-02-27T06:39:33","modified_gmt":"2026-02-27T06:39:33","slug":"catalogo","status":"publish","type":"page","link":"https:\/\/www.iburmar.com\/WEB\/catalogo\/","title":{"rendered":"Cat\u00e1logo"},"content":{"rendered":"<div id=\"pl-9334\"  class=\"panel-layout\" ><div id=\"pg-9334-0\"  class=\"panel-grid panel-has-style\" ><div class=\"siteorigin-panels-stretch panel-row-style panel-row-style-for-9334-0\" data-stretch-type=\"full-width-stretch\" ><div id=\"pgc-9334-0-0\"  class=\"panel-grid-cell\" ><div id=\"panel-9334-0-0-0\" class=\"so-panel widget widget_sow-editor panel-first-child panel-last-child\" data-index=\"0\" ><div class=\"panel-widget-style panel-widget-style-for-9334-0-0-0\" ><div\n\t\t\t\n\t\t\tclass=\"so-widget-sow-editor so-widget-sow-editor-base\"\n\t\t\t\n\t\t>\n<div class=\"siteorigin-widget-tinymce textwidget\">\n\t<div class=\"df-element df-lite\"  data-slug=\"catalogo-2026-2\" data-_slug=\"catalogo-2026-2\" data-title=\"catalogo-2026-2\" id=\"df_11973\" data-option=\"df_option_11973\" ><\/div><script class=\"df-shortcode-script\" type=\"application\/javascript\">window.df_option_11973 = {\"source\":\"https:\\\/\\\/www.iburmar.com\\\/WEB\\\/wp-content\\\/uploads\\\/2026\\\/03\\\/2026-2-7.pdf\",\"viewerType\":\"flipbook\",\"enableSound\":false,\"slug\":\"catalogo-2026-2\",\"id\":11973}; if(window.DEARPDF && window.DEARPDF.parseElements){window.DEARPDF.parseElements();}<\/script>\n<\/div>\n<\/div><\/div><\/div><\/div><\/div><\/div><\/div>","protected":false},"excerpt":{"rendered":"","protected":false},"author":1,"featured_media":0,"parent":0,"menu_order":0,"comment_status":"closed","ping_status":"closed","template":"","meta":{"_monsterinsights_skip_tracking":false,"_monsterinsights_sitenote_active":false,"_monsterinsights_sitenote_note":"","_monsterinsights_sitenote_category":0,"footnotes":""},"class_list":["post-9334","page","type-page","status-publish","hentry"],"yoast_head":"<!-- This site is optimized with the Yoast SEO plugin v25.4 - https:\/\/yoast.com\/wordpress\/plugins\/seo\/ -->\n<title>Cat\u00e1logo - Burmar Shop<\/title>\n<meta name=\"description\" content=\"L\u00edder en la fabricaci\u00f3n de golosinas l\u00edquidas con marcas como Burmar Flax, Superflah, Flaggolosina o Rocko, y en bebida refrescante con Cantimplora Zumrok.\" \/>\n<meta name=\"robots\" content=\"index, follow, max-snippet:-1, max-image-preview:large, max-video-preview:-1\" \/>\n<link rel=\"canonical\" href=\"https:\/\/www.iburmar.com\/WEB\/catalogo\/\" \/>\n<meta property=\"og:locale\" content=\"es_ES\" \/>\n<meta property=\"og:type\" content=\"article\" \/>\n<meta property=\"og:title\" content=\"Cat\u00e1logo - Burmar Shop\" \/>\n<meta property=\"og:description\" content=\"L\u00edder en la fabricaci\u00f3n de golosinas l\u00edquidas con marcas como Burmar Flax, Superflah, Flaggolosina o Rocko, y en bebida refrescante con Cantimplora Zumrok.\" \/>\n<meta property=\"og:url\" content=\"https:\/\/www.iburmar.com\/WEB\/catalogo\/\" \/>\n<meta property=\"og:site_name\" content=\"Burmar Shop\" \/>\n<meta property=\"article:publisher\" content=\"https:\/\/www.facebook.com\/iburmar\/\" \/>\n<meta property=\"article:modified_time\" content=\"2026-02-27T06:39:33+00:00\" \/>\n<meta property=\"og:image\" content=\"http:\/\/www.iburmar.com\/WEB\/wp-content\/uploads\/2016\/11\/miniaturaIburmar.jpg\" \/>\n<meta name=\"twitter:card\" content=\"summary_large_image\" \/>\n<meta name=\"twitter:site\" content=\"@BurmarSweet\" \/>\n<script type=\"application\/ld+json\" class=\"yoast-schema-graph\">{\"@context\":\"https:\/\/schema.org\",\"@graph\":[{\"@type\":\"WebPage\",\"@id\":\"https:\/\/www.iburmar.com\/WEB\/catalogo\/\",\"url\":\"https:\/\/www.iburmar.com\/WEB\/catalogo\/\",\"name\":\"Cat\u00e1logo - Burmar Shop\",\"isPartOf\":{\"@id\":\"https:\/\/www.iburmar.com\/WEB\/#website\"},\"datePublished\":\"2024-01-30T08:11:27+00:00\",\"dateModified\":\"2026-02-27T06:39:33+00:00\",\"description\":\"L\u00edder en la fabricaci\u00f3n de golosinas l\u00edquidas con marcas como Burmar Flax, Superflah, Flaggolosina o Rocko, y en bebida refrescante con Cantimplora Zumrok.\",\"breadcrumb\":{\"@id\":\"https:\/\/www.iburmar.com\/WEB\/catalogo\/#breadcrumb\"},\"inLanguage\":\"es\",\"potentialAction\":[{\"@type\":\"ReadAction\",\"target\":[\"https:\/\/www.iburmar.com\/WEB\/catalogo\/\"]}]},{\"@type\":\"BreadcrumbList\",\"@id\":\"https:\/\/www.iburmar.com\/WEB\/catalogo\/#breadcrumb\",\"itemListElement\":[{\"@type\":\"ListItem\",\"position\":1,\"name\":\"Portada\",\"item\":\"https:\/\/www.iburmar.com\/WEB\/\"},{\"@type\":\"ListItem\",\"position\":2,\"name\":\"Cat\u00e1logo\"}]},{\"@type\":\"WebSite\",\"@id\":\"https:\/\/www.iburmar.com\/WEB\/#website\",\"url\":\"https:\/\/www.iburmar.com\/WEB\/\",\"name\":\"Burmar Shop\",\"description\":\"Fabricamos todos nuestros productos en Espa\u00f1a con ingredientes de la m\u00e1xima calidad.\",\"publisher\":{\"@id\":\"https:\/\/www.iburmar.com\/WEB\/#organization\"},\"potentialAction\":[{\"@type\":\"SearchAction\",\"target\":{\"@type\":\"EntryPoint\",\"urlTemplate\":\"https:\/\/www.iburmar.com\/WEB\/?s={search_term_string}\"},\"query-input\":{\"@type\":\"PropertyValueSpecification\",\"valueRequired\":true,\"valueName\":\"search_term_string\"}}],\"inLanguage\":\"es\"},{\"@type\":\"Organization\",\"@id\":\"https:\/\/www.iburmar.com\/WEB\/#organization\",\"name\":\"Burmar Sweet\",\"url\":\"https:\/\/www.iburmar.com\/WEB\/\",\"logo\":{\"@type\":\"ImageObject\",\"inLanguage\":\"es\",\"@id\":\"https:\/\/www.iburmar.com\/WEB\/#\/schema\/logo\/image\/\",\"url\":\"https:\/\/www.iburmar.com\/WEB\/wp-content\/uploads\/2022\/04\/LogoBurmar-1.png\",\"contentUrl\":\"https:\/\/www.iburmar.com\/WEB\/wp-content\/uploads\/2022\/04\/LogoBurmar-1.png\",\"width\":500,\"height\":205,\"caption\":\"Burmar Sweet\"},\"image\":{\"@id\":\"https:\/\/www.iburmar.com\/WEB\/#\/schema\/logo\/image\/\"},\"sameAs\":[\"https:\/\/www.facebook.com\/iburmar\/\",\"https:\/\/x.com\/BurmarSweet\"]}]}<\/script>\n<!-- \/ Yoast SEO plugin. -->","yoast_head_json":{"title":"Cat\u00e1logo - Burmar Shop","description":"L\u00edder en la fabricaci\u00f3n de golosinas l\u00edquidas con marcas como Burmar Flax, Superflah, Flaggolosina o Rocko, y en bebida refrescante con Cantimplora Zumrok.","robots":{"index":"index","follow":"follow","max-snippet":"max-snippet:-1","max-image-preview":"max-image-preview:large","max-video-preview":"max-video-preview:-1"},"canonical":"https:\/\/www.iburmar.com\/WEB\/catalogo\/","og_locale":"es_ES","og_type":"article","og_title":"Cat\u00e1logo - Burmar Shop","og_description":"L\u00edder en la fabricaci\u00f3n de golosinas l\u00edquidas con marcas como Burmar Flax, Superflah, Flaggolosina o Rocko, y en bebida refrescante con Cantimplora Zumrok.","og_url":"https:\/\/www.iburmar.com\/WEB\/catalogo\/","og_site_name":"Burmar Shop","article_publisher":"https:\/\/www.facebook.com\/iburmar\/","article_modified_time":"2026-02-27T06:39:33+00:00","og_image":[{"url":"http:\/\/www.iburmar.com\/WEB\/wp-content\/uploads\/2016\/11\/miniaturaIburmar.jpg","type":"","width":"","height":""}],"twitter_card":"summary_large_image","twitter_site":"@BurmarSweet","schema":{"@context":"https:\/\/schema.org","@graph":[{"@type":"WebPage","@id":"https:\/\/www.iburmar.com\/WEB\/catalogo\/","url":"https:\/\/www.iburmar.com\/WEB\/catalogo\/","name":"Cat\u00e1logo - Burmar Shop","isPartOf":{"@id":"https:\/\/www.iburmar.com\/WEB\/#website"},"datePublished":"2024-01-30T08:11:27+00:00","dateModified":"2026-02-27T06:39:33+00:00","description":"L\u00edder en la fabricaci\u00f3n de golosinas l\u00edquidas con marcas como Burmar Flax, Superflah, Flaggolosina o Rocko, y en bebida refrescante con Cantimplora Zumrok.","breadcrumb":{"@id":"https:\/\/www.iburmar.com\/WEB\/catalogo\/#breadcrumb"},"inLanguage":"es","potentialAction":[{"@type":"ReadAction","target":["https:\/\/www.iburmar.com\/WEB\/catalogo\/"]}]},{"@type":"BreadcrumbList","@id":"https:\/\/www.iburmar.com\/WEB\/catalogo\/#breadcrumb","itemListElement":[{"@type":"ListItem","position":1,"name":"Portada","item":"https:\/\/www.iburmar.com\/WEB\/"},{"@type":"ListItem","position":2,"name":"Cat\u00e1logo"}]},{"@type":"WebSite","@id":"https:\/\/www.iburmar.com\/WEB\/#website","url":"https:\/\/www.iburmar.com\/WEB\/","name":"Burmar Shop","description":"Fabricamos todos nuestros productos en Espa\u00f1a con ingredientes de la m\u00e1xima calidad.","publisher":{"@id":"https:\/\/www.iburmar.com\/WEB\/#organization"},"potentialAction":[{"@type":"SearchAction","target":{"@type":"EntryPoint","urlTemplate":"https:\/\/www.iburmar.com\/WEB\/?s={search_term_string}"},"query-input":{"@type":"PropertyValueSpecification","valueRequired":true,"valueName":"search_term_string"}}],"inLanguage":"es"},{"@type":"Organization","@id":"https:\/\/www.iburmar.com\/WEB\/#organization","name":"Burmar Sweet","url":"https:\/\/www.iburmar.com\/WEB\/","logo":{"@type":"ImageObject","inLanguage":"es","@id":"https:\/\/www.iburmar.com\/WEB\/#\/schema\/logo\/image\/","url":"https:\/\/www.iburmar.com\/WEB\/wp-content\/uploads\/2022\/04\/LogoBurmar-1.png","contentUrl":"https:\/\/www.iburmar.com\/WEB\/wp-content\/uploads\/2022\/04\/LogoBurmar-1.png","width":500,"height":205,"caption":"Burmar Sweet"},"image":{"@id":"https:\/\/www.iburmar.com\/WEB\/#\/schema\/logo\/image\/"},"sameAs":["https:\/\/www.facebook.com\/iburmar\/","https:\/\/x.com\/BurmarSweet"]}]}},"_links":{"self":[{"href":"https:\/\/www.iburmar.com\/WEB\/wp-json\/wp\/v2\/pages\/9334","targetHints":{"allow":["GET"]}}],"collection":[{"href":"https:\/\/www.iburmar.com\/WEB\/wp-json\/wp\/v2\/pages"}],"about":[{"href":"https:\/\/www.iburmar.com\/WEB\/wp-json\/wp\/v2\/types\/page"}],"author":[{"embeddable":true,"href":"https:\/\/www.iburmar.com\/WEB\/wp-json\/wp\/v2\/users\/1"}],"replies":[{"embeddable":true,"href":"https:\/\/www.iburmar.com\/WEB\/wp-json\/wp\/v2\/comments?post=9334"}],"version-history":[{"count":27,"href":"https:\/\/www.iburmar.com\/WEB\/wp-json\/wp\/v2\/pages\/9334\/revisions"}],"predecessor-version":[{"id":11944,"href":"https:\/\/www.iburmar.com\/WEB\/wp-json\/wp\/v2\/pages\/9334\/revisions\/11944"}],"wp:attachment":[{"href":"https:\/\/www.iburmar.com\/WEB\/wp-json\/wp\/v2\/media?parent=9334"}],"curies":[{"name":"wp","href":"https:\/\/api.w.org\/{rel}","templated":true}]}}