{"id":54,"date":"2016-05-05T08:31:58","date_gmt":"2016-05-05T08:31:58","guid":{"rendered":"http:\/\/www.iburmar.com\/WEB\/?page_id=54"},"modified":"2016-07-13T09:32:24","modified_gmt":"2016-07-13T09:32:24","slug":"noticias","status":"publish","type":"page","link":"https:\/\/www.iburmar.com\/WEB\/noticias\/","title":{"rendered":"NOTICIAS"},"content":{"rendered":"<section class=\"columns postlist masonry postlist-blog\"><article class=\"col col3 item\"><a href=\"https:\/\/www.iburmar.com\/WEB\/ism2026-burmar-sweets-presenta-sus-novedades-en-alemania\/\"><img loading=\"lazy\" decoding=\"async\" width=\"560\" height=\"395\" src=\"https:\/\/www.iburmar.com\/WEB\/wp-content\/uploads\/2026\/02\/31537617-a21e-4dab-b9c1-0f86a840865f-560x395.jpg\" class=\"attachment-thumbnail-medium size-thumbnail-medium wp-post-image\" alt=\"\" #ISM2026_|_Burmar_Sweets_presenta_sus_novedades_en_Alemania=\"\" \/><\/a><h2 class=\"post-headline\"><a href=\"https:\/\/www.iburmar.com\/WEB\/ism2026-burmar-sweets-presenta-sus-novedades-en-alemania\/\">#ISM2026 | Burmar Sweets presenta sus novedades en Alemania<\/a><\/h2><\/article><article class=\"col col3 item\"><a href=\"https:\/\/www.iburmar.com\/WEB\/11960-2\/\"><img loading=\"lazy\" decoding=\"async\" width=\"560\" height=\"395\" src=\"https:\/\/www.iburmar.com\/WEB\/wp-content\/uploads\/2026\/01\/Lamina-Crunchy-3xChoco-ES-560x395.jpg\" class=\"attachment-thumbnail-medium size-thumbnail-medium wp-post-image\" alt=\"\" \u00a1\u00a1\u00a1_Tres_sabores,_una_misma_adicci\u00f3n_!!!=\"\" \/><\/a><h2 class=\"post-headline\"><a href=\"https:\/\/www.iburmar.com\/WEB\/11960-2\/\">\u00a1\u00a1\u00a1 Tres sabores, una misma adicci\u00f3n !!!<\/a><\/h2><\/article><article class=\"col col3 item\"><a href=\"https:\/\/www.iburmar.com\/WEB\/burmar-sweets-s-l-ha-ejecutado-el-proyecto-de-implantacion-y-certificacion-fssc-22000\/\"><img loading=\"lazy\" decoding=\"async\" width=\"560\" height=\"395\" src=\"https:\/\/www.iburmar.com\/WEB\/wp-content\/uploads\/2025\/12\/Noticia-web-FSSC2000-560x395.jpg\" class=\"attachment-thumbnail-medium size-thumbnail-medium wp-post-image\" alt=\"\" BURMAR_SWEETS,_S_L__ha_ejecutado_el_proyecto_de_implantaci\u00f3n_y_certificaci\u00f3n_FSSC_22000=\"\" \/><\/a><h2 class=\"post-headline\"><a href=\"https:\/\/www.iburmar.com\/WEB\/burmar-sweets-s-l-ha-ejecutado-el-proyecto-de-implantacion-y-certificacion-fssc-22000\/\">BURMAR SWEETS, S.L. ha ejecutado el proyecto de implantaci\u00f3n y certificaci\u00f3n FSSC 22000<\/a><\/h2><\/article><article class=\"col col3 item\"><a href=\"https:\/\/www.iburmar.com\/WEB\/nuestra-nave-burmar-aterriza-en-contempopranea\/\"><img loading=\"lazy\" decoding=\"async\" width=\"560\" height=\"395\" src=\"https:\/\/www.iburmar.com\/WEB\/wp-content\/uploads\/2025\/10\/contomporanea-post-560x395.jpg\" class=\"attachment-thumbnail-medium size-thumbnail-medium wp-post-image\" alt=\"\" Burmar_en_el_festival_Contempopr\u00e1nea:_Una_experiencia_total_de_sabor_estelar_=\"\" \/><\/a><h2 class=\"post-headline\"><a href=\"https:\/\/www.iburmar.com\/WEB\/nuestra-nave-burmar-aterriza-en-contempopranea\/\">Burmar en el festival Contempopr\u00e1nea: Una experiencia total de sabor estelar.<\/a><\/h2><\/article><article class=\"col col3 item\"><a href=\"https:\/\/www.iburmar.com\/WEB\/un-nuevo-capitulo-en-nuestra-travesia-espacial-burmar-aterriza-en-la-orbita-fssc-22000\/\"><img loading=\"lazy\" decoding=\"async\" width=\"560\" height=\"395\" src=\"https:\/\/www.iburmar.com\/WEB\/wp-content\/uploads\/2025\/09\/la-definitiva-560x395.jpg\" class=\"attachment-thumbnail-medium size-thumbnail-medium wp-post-image\" alt=\"\" Un_nuevo_cap\u00edtulo_en_nuestra_traves\u00eda_espacial:_BURMAR_aterriza_en_la_\u00f3rbita_FSSC_22000=\"\" \/><\/a><h2 class=\"post-headline\"><a href=\"https:\/\/www.iburmar.com\/WEB\/un-nuevo-capitulo-en-nuestra-travesia-espacial-burmar-aterriza-en-la-orbita-fssc-22000\/\">Un nuevo cap\u00edtulo en nuestra traves\u00eda espacial: BURMAR aterriza en la \u00f3rbita FSSC 22000<\/a><\/h2><\/article><article class=\"col col3 item\"><a href=\"https:\/\/www.iburmar.com\/WEB\/burmarflax-aterriza-en-la-carrera-de-los-palomos-de-badajoz\/\"><img loading=\"lazy\" decoding=\"async\" width=\"560\" height=\"395\" src=\"https:\/\/www.iburmar.com\/WEB\/wp-content\/uploads\/2025\/08\/post-inda-Los-Palomos-560x395.jpg\" class=\"attachment-thumbnail-medium size-thumbnail-medium wp-post-image\" alt=\"\" BurmarFlax_aterriza_en_la_Carrera_de_los_Palomos_de_Badajoz=\"\" \/><\/a><h2 class=\"post-headline\"><a href=\"https:\/\/www.iburmar.com\/WEB\/burmarflax-aterriza-en-la-carrera-de-los-palomos-de-badajoz\/\">BurmarFlax aterriza en la Carrera de los Palomos de Badajoz<\/a><\/h2><\/article><article class=\"col col3 item\"><a href=\"https:\/\/www.iburmar.com\/WEB\/el-fascinante-mundo-de-la-pectina-el-secreto-detras-de-las-golosinas-irresistibles\/\"><img loading=\"lazy\" decoding=\"async\" width=\"560\" height=\"395\" src=\"https:\/\/www.iburmar.com\/WEB\/wp-content\/uploads\/2023\/06\/pectina-560x395.jpg\" class=\"attachment-thumbnail-medium size-thumbnail-medium wp-post-image\" alt=\"\" El_Fascinante_Mundo_de_la_Pectina:_El_Secreto_Detr\u00e1s_de_las_Golosinas_Irresistibles=\"\" \/><\/a><h2 class=\"post-headline\"><a href=\"https:\/\/www.iburmar.com\/WEB\/el-fascinante-mundo-de-la-pectina-el-secreto-detras-de-las-golosinas-irresistibles\/\">El Fascinante Mundo de la Pectina: El Secreto Detr\u00e1s de las Golosinas Irresistibles<\/a><\/h2><\/article><article class=\"col col3 item\"><a href=\"https:\/\/www.iburmar.com\/WEB\/6700-2\/\"><img loading=\"lazy\" decoding=\"async\" width=\"560\" height=\"395\" src=\"https:\/\/www.iburmar.com\/WEB\/wp-content\/uploads\/2023\/06\/coloranteso-560x395.jpg\" class=\"attachment-thumbnail-medium size-thumbnail-medium wp-post-image\" alt=\"\" Colorantes_Naturales_y_Artificiales:_\u00bfCu\u00e1l_es_la_Mejor_Opci\u00f3n?=\"\" \/><\/a><h2 class=\"post-headline\"><a href=\"https:\/\/www.iburmar.com\/WEB\/6700-2\/\">Colorantes Naturales y Artificiales: \u00bfCu\u00e1l es la Mejor Opci\u00f3n?<\/a><\/h2><\/article><article class=\"col col3 item\"><a href=\"https:\/\/www.iburmar.com\/WEB\/la-importancia-de-mantenerse-hidratado-en-verano-descubre-el-refrescante-ice-pop-de-burmarflax\/\"><img loading=\"lazy\" decoding=\"async\" width=\"560\" height=\"395\" src=\"https:\/\/www.iburmar.com\/WEB\/wp-content\/uploads\/2023\/06\/lindas-ninas-rubias-jugando-agua-salpica-campo-verano-560x395.jpg\" class=\"attachment-thumbnail-medium size-thumbnail-medium wp-post-image\" alt=\"\" La_Importancia_de_Mantenerse_Hidratado_en_Verano:_Descubre_el_Refrescante_Ice_Pop_de_Burmarflax=\"\" \/><\/a><h2 class=\"post-headline\"><a href=\"https:\/\/www.iburmar.com\/WEB\/la-importancia-de-mantenerse-hidratado-en-verano-descubre-el-refrescante-ice-pop-de-burmarflax\/\">La Importancia de Mantenerse Hidratado en Verano: Descubre el Refrescante Ice Pop de Burmarflax<\/a><\/h2><\/article><article class=\"col col3 item\"><a href=\"https:\/\/www.iburmar.com\/WEB\/32-salon-gourmet\/\"><img loading=\"lazy\" decoding=\"async\" width=\"560\" height=\"395\" src=\"https:\/\/www.iburmar.com\/WEB\/wp-content\/uploads\/2018\/05\/32salondegourmet-560x395.jpg\" class=\"attachment-thumbnail-medium size-thumbnail-medium wp-post-image\" alt=\"\" 32_Sal\u00f3n_de_Gourmet=\"\" \/><\/a><h2 class=\"post-headline\"><a href=\"https:\/\/www.iburmar.com\/WEB\/32-salon-gourmet\/\">32 Sal\u00f3n de Gourmet<\/a><\/h2><\/article><article class=\"col col3 item\"><a href=\"https:\/\/www.iburmar.com\/WEB\/entrevista-biocultura-madrid-2017\/\"><img loading=\"lazy\" decoding=\"async\" width=\"560\" height=\"395\" src=\"https:\/\/www.iburmar.com\/WEB\/wp-content\/uploads\/2018\/01\/entrevista-biocultura-madrid-560x395.png\" class=\"attachment-thumbnail-medium size-thumbnail-medium wp-post-image\" alt=\"\" Entrevista_en_Biocultura_Madrid_2017=\"\" \/><\/a><h2 class=\"post-headline\"><a href=\"https:\/\/www.iburmar.com\/WEB\/entrevista-biocultura-madrid-2017\/\">Entrevista en Biocultura Madrid 2017<\/a><\/h2><\/article><article class=\"col col3 item\"><a href=\"https:\/\/www.iburmar.com\/WEB\/las-golosinas-extremenas-burmar-endulzan-starlite-marbella\/\"><img loading=\"lazy\" decoding=\"async\" width=\"560\" height=\"395\" src=\"https:\/\/www.iburmar.com\/WEB\/wp-content\/uploads\/2017\/10\/Starlie-prensa-560x395.jpg\" class=\"attachment-thumbnail-medium size-thumbnail-medium wp-post-image\" alt=\"\" Las_golosinas_extreme\u00f1as_de_Burmar_endulzan_el_Starlite_de_Marbella=\"\" \/><\/a><h2 class=\"post-headline\"><a href=\"https:\/\/www.iburmar.com\/WEB\/las-golosinas-extremenas-burmar-endulzan-starlite-marbella\/\">Las golosinas extreme\u00f1as de Burmar endulzan el Starlite de Marbella<\/a><\/h2><\/article><article class=\"col col3 item\"><a href=\"https:\/\/www.iburmar.com\/WEB\/2187-2\/\"><img loading=\"lazy\" decoding=\"async\" width=\"560\" height=\"395\" src=\"https:\/\/www.iburmar.com\/WEB\/wp-content\/uploads\/2017\/05\/espa\u00f1a-directo-eco-jellies-560x395.jpg\" class=\"attachment-thumbnail-medium size-thumbnail-medium wp-post-image\" alt=\"Imagen reportaje Espa\u00f1a Directo\" Espa\u00f1a_Directo_\u2013_Eco-Jellies=\"\" \/><\/a><h2 class=\"post-headline\"><a href=\"https:\/\/www.iburmar.com\/WEB\/2187-2\/\">Espa\u00f1a Directo \u2013 Eco-Jellies<\/a><\/h2><\/article><article class=\"col col3 item\"><a href=\"https:\/\/www.iburmar.com\/WEB\/tve-aqui-la-tierra\/\"><img loading=\"lazy\" decoding=\"async\" width=\"560\" height=\"395\" src=\"https:\/\/www.iburmar.com\/WEB\/wp-content\/uploads\/2017\/11\/Aqu\u00ed-la-tierra.-Golosinas-saludables-560x395.jpg\" class=\"attachment-thumbnail-medium size-thumbnail-medium wp-post-image\" alt=\"\" Reportaje_TVE__Aqu\u00ed_la_tierra__\u00bfQu\u00e9_es_un_producto_gourmet?=\"\" \/><\/a><h2 class=\"post-headline\"><a href=\"https:\/\/www.iburmar.com\/WEB\/tve-aqui-la-tierra\/\">Reportaje TVE. Aqu\u00ed la tierra. \u00bfQu\u00e9 es un producto gourmet?<\/a><\/h2><\/article><article class=\"col col3 item\"><a href=\"https:\/\/www.iburmar.com\/WEB\/espana-directo-burmarflax\/\"><img loading=\"lazy\" decoding=\"async\" width=\"560\" height=\"395\" src=\"https:\/\/www.iburmar.com\/WEB\/wp-content\/uploads\/2016\/06\/espa\u00f1a-directo-560x395.jpg\" class=\"attachment-thumbnail-medium size-thumbnail-medium wp-post-image\" alt=\"\" Espa\u00f1a_Directo_-_Burmarflax=\"\" \/><\/a><h2 class=\"post-headline\"><a href=\"https:\/\/www.iburmar.com\/WEB\/espana-directo-burmarflax\/\">Espa\u00f1a Directo - Burmarflax<\/a><\/h2><\/article><article class=\"col col3 item\"><a href=\"https:\/\/www.iburmar.com\/WEB\/golosinas-contra-el-cancer\/\"><img loading=\"lazy\" decoding=\"async\" width=\"560\" height=\"395\" src=\"https:\/\/www.iburmar.com\/WEB\/wp-content\/uploads\/2016\/05\/chucheriascontracancer-560x395.jpg\" class=\"attachment-thumbnail-medium size-thumbnail-medium wp-post-image\" alt=\"\" Golosinas_contra_el_c\u00e1ncer=\"\" \/><\/a><h2 class=\"post-headline\"><a href=\"https:\/\/www.iburmar.com\/WEB\/golosinas-contra-el-cancer\/\">Golosinas contra el c\u00e1ncer<\/a><\/h2><\/article><article class=\"col col3 item\"><a href=\"https:\/\/www.iburmar.com\/WEB\/fabricando-made-in-spain\/\"><img loading=\"lazy\" decoding=\"async\" width=\"560\" height=\"395\" src=\"https:\/\/www.iburmar.com\/WEB\/wp-content\/uploads\/2016\/05\/fabricando-560x395.jpg\" class=\"attachment-thumbnail-medium size-thumbnail-medium wp-post-image\" alt=\"\" Fabricando_Made_in_Spain=\"\" \/><\/a><h2 class=\"post-headline\"><a href=\"https:\/\/www.iburmar.com\/WEB\/fabricando-made-in-spain\/\">Fabricando Made in Spain<\/a><\/h2><\/article><\/section>\n<p>&nbsp;<\/p>\n","protected":false},"excerpt":{"rendered":"<p>&nbsp;<\/p>\n","protected":false},"author":1,"featured_media":0,"parent":0,"menu_order":0,"comment_status":"closed","ping_status":"closed","template":"","meta":{"_monsterinsights_skip_tracking":false,"_monsterinsights_sitenote_active":false,"_monsterinsights_sitenote_note":"","_monsterinsights_sitenote_category":0,"footnotes":""},"class_list":["post-54","page","type-page","status-publish","hentry"],"yoast_head":"<!-- This site is optimized with the Yoast SEO plugin v25.4 - https:\/\/yoast.com\/wordpress\/plugins\/seo\/ -->\n<title>Noticias Burmar<\/title>\n<meta name=\"description\" content=\"L\u00edder en la fabricaci\u00f3n de golosinas l\u00edquidas con marcas como Burmar Flax, Superflah, Flaggolosina o Rocko, y en bebida refrescante con Cantimplora Zumrok.\" \/>\n<meta name=\"robots\" content=\"index, follow, max-snippet:-1, max-image-preview:large, max-video-preview:-1\" \/>\n<link rel=\"canonical\" href=\"https:\/\/www.iburmar.com\/WEB\/noticias\/\" \/>\n<meta property=\"og:locale\" content=\"es_ES\" \/>\n<meta property=\"og:type\" content=\"article\" \/>\n<meta property=\"og:title\" content=\"Noticias Burmar\" \/>\n<meta property=\"og:description\" content=\"L\u00edder en la fabricaci\u00f3n de golosinas l\u00edquidas con marcas como Burmar Flax, Superflah, Flaggolosina o Rocko, y en bebida refrescante con Cantimplora Zumrok.\" \/>\n<meta property=\"og:url\" content=\"https:\/\/www.iburmar.com\/WEB\/noticias\/\" \/>\n<meta property=\"og:site_name\" content=\"Burmar Shop\" \/>\n<meta property=\"article:publisher\" content=\"https:\/\/www.facebook.com\/iburmar\/\" \/>\n<meta property=\"article:modified_time\" content=\"2016-07-13T09:32:24+00:00\" \/>\n<meta property=\"og:image\" content=\"http:\/\/www.iburmar.com\/WEB\/wp-content\/uploads\/2016\/11\/miniaturaIburmar.jpg\" \/>\n<meta name=\"twitter:card\" content=\"summary_large_image\" \/>\n<meta name=\"twitter:site\" content=\"@BurmarSweet\" \/>\n<script type=\"application\/ld+json\" class=\"yoast-schema-graph\">{\"@context\":\"https:\/\/schema.org\",\"@graph\":[{\"@type\":\"WebPage\",\"@id\":\"https:\/\/www.iburmar.com\/WEB\/noticias\/\",\"url\":\"https:\/\/www.iburmar.com\/WEB\/noticias\/\",\"name\":\"Noticias Burmar\",\"isPartOf\":{\"@id\":\"https:\/\/www.iburmar.com\/WEB\/#website\"},\"datePublished\":\"2016-05-05T08:31:58+00:00\",\"dateModified\":\"2016-07-13T09:32:24+00:00\",\"description\":\"L\u00edder en la fabricaci\u00f3n de golosinas l\u00edquidas con marcas como Burmar Flax, Superflah, Flaggolosina o Rocko, y en bebida refrescante con Cantimplora Zumrok.\",\"breadcrumb\":{\"@id\":\"https:\/\/www.iburmar.com\/WEB\/noticias\/#breadcrumb\"},\"inLanguage\":\"es\",\"potentialAction\":[{\"@type\":\"ReadAction\",\"target\":[\"https:\/\/www.iburmar.com\/WEB\/noticias\/\"]}]},{\"@type\":\"BreadcrumbList\",\"@id\":\"https:\/\/www.iburmar.com\/WEB\/noticias\/#breadcrumb\",\"itemListElement\":[{\"@type\":\"ListItem\",\"position\":1,\"name\":\"Portada\",\"item\":\"https:\/\/www.iburmar.com\/WEB\/\"},{\"@type\":\"ListItem\",\"position\":2,\"name\":\"NOTICIAS\"}]},{\"@type\":\"WebSite\",\"@id\":\"https:\/\/www.iburmar.com\/WEB\/#website\",\"url\":\"https:\/\/www.iburmar.com\/WEB\/\",\"name\":\"Burmar Shop\",\"description\":\"Fabricamos todos nuestros productos en Espa\u00f1a con ingredientes de la m\u00e1xima calidad.\",\"publisher\":{\"@id\":\"https:\/\/www.iburmar.com\/WEB\/#organization\"},\"potentialAction\":[{\"@type\":\"SearchAction\",\"target\":{\"@type\":\"EntryPoint\",\"urlTemplate\":\"https:\/\/www.iburmar.com\/WEB\/?s={search_term_string}\"},\"query-input\":{\"@type\":\"PropertyValueSpecification\",\"valueRequired\":true,\"valueName\":\"search_term_string\"}}],\"inLanguage\":\"es\"},{\"@type\":\"Organization\",\"@id\":\"https:\/\/www.iburmar.com\/WEB\/#organization\",\"name\":\"Burmar Sweet\",\"url\":\"https:\/\/www.iburmar.com\/WEB\/\",\"logo\":{\"@type\":\"ImageObject\",\"inLanguage\":\"es\",\"@id\":\"https:\/\/www.iburmar.com\/WEB\/#\/schema\/logo\/image\/\",\"url\":\"https:\/\/www.iburmar.com\/WEB\/wp-content\/uploads\/2022\/04\/LogoBurmar-1.png\",\"contentUrl\":\"https:\/\/www.iburmar.com\/WEB\/wp-content\/uploads\/2022\/04\/LogoBurmar-1.png\",\"width\":500,\"height\":205,\"caption\":\"Burmar Sweet\"},\"image\":{\"@id\":\"https:\/\/www.iburmar.com\/WEB\/#\/schema\/logo\/image\/\"},\"sameAs\":[\"https:\/\/www.facebook.com\/iburmar\/\",\"https:\/\/x.com\/BurmarSweet\"]}]}<\/script>\n<!-- \/ Yoast SEO plugin. -->","yoast_head_json":{"title":"Noticias Burmar","description":"L\u00edder en la fabricaci\u00f3n de golosinas l\u00edquidas con marcas como Burmar Flax, Superflah, Flaggolosina o Rocko, y en bebida refrescante con Cantimplora Zumrok.","robots":{"index":"index","follow":"follow","max-snippet":"max-snippet:-1","max-image-preview":"max-image-preview:large","max-video-preview":"max-video-preview:-1"},"canonical":"https:\/\/www.iburmar.com\/WEB\/noticias\/","og_locale":"es_ES","og_type":"article","og_title":"Noticias Burmar","og_description":"L\u00edder en la fabricaci\u00f3n de golosinas l\u00edquidas con marcas como Burmar Flax, Superflah, Flaggolosina o Rocko, y en bebida refrescante con Cantimplora Zumrok.","og_url":"https:\/\/www.iburmar.com\/WEB\/noticias\/","og_site_name":"Burmar Shop","article_publisher":"https:\/\/www.facebook.com\/iburmar\/","article_modified_time":"2016-07-13T09:32:24+00:00","og_image":[{"url":"http:\/\/www.iburmar.com\/WEB\/wp-content\/uploads\/2016\/11\/miniaturaIburmar.jpg","type":"","width":"","height":""}],"twitter_card":"summary_large_image","twitter_site":"@BurmarSweet","schema":{"@context":"https:\/\/schema.org","@graph":[{"@type":"WebPage","@id":"https:\/\/www.iburmar.com\/WEB\/noticias\/","url":"https:\/\/www.iburmar.com\/WEB\/noticias\/","name":"Noticias Burmar","isPartOf":{"@id":"https:\/\/www.iburmar.com\/WEB\/#website"},"datePublished":"2016-05-05T08:31:58+00:00","dateModified":"2016-07-13T09:32:24+00:00","description":"L\u00edder en la fabricaci\u00f3n de golosinas l\u00edquidas con marcas como Burmar Flax, Superflah, Flaggolosina o Rocko, y en bebida refrescante con Cantimplora Zumrok.","breadcrumb":{"@id":"https:\/\/www.iburmar.com\/WEB\/noticias\/#breadcrumb"},"inLanguage":"es","potentialAction":[{"@type":"ReadAction","target":["https:\/\/www.iburmar.com\/WEB\/noticias\/"]}]},{"@type":"BreadcrumbList","@id":"https:\/\/www.iburmar.com\/WEB\/noticias\/#breadcrumb","itemListElement":[{"@type":"ListItem","position":1,"name":"Portada","item":"https:\/\/www.iburmar.com\/WEB\/"},{"@type":"ListItem","position":2,"name":"NOTICIAS"}]},{"@type":"WebSite","@id":"https:\/\/www.iburmar.com\/WEB\/#website","url":"https:\/\/www.iburmar.com\/WEB\/","name":"Burmar Shop","description":"Fabricamos todos nuestros productos en Espa\u00f1a con ingredientes de la m\u00e1xima calidad.","publisher":{"@id":"https:\/\/www.iburmar.com\/WEB\/#organization"},"potentialAction":[{"@type":"SearchAction","target":{"@type":"EntryPoint","urlTemplate":"https:\/\/www.iburmar.com\/WEB\/?s={search_term_string}"},"query-input":{"@type":"PropertyValueSpecification","valueRequired":true,"valueName":"search_term_string"}}],"inLanguage":"es"},{"@type":"Organization","@id":"https:\/\/www.iburmar.com\/WEB\/#organization","name":"Burmar Sweet","url":"https:\/\/www.iburmar.com\/WEB\/","logo":{"@type":"ImageObject","inLanguage":"es","@id":"https:\/\/www.iburmar.com\/WEB\/#\/schema\/logo\/image\/","url":"https:\/\/www.iburmar.com\/WEB\/wp-content\/uploads\/2022\/04\/LogoBurmar-1.png","contentUrl":"https:\/\/www.iburmar.com\/WEB\/wp-content\/uploads\/2022\/04\/LogoBurmar-1.png","width":500,"height":205,"caption":"Burmar Sweet"},"image":{"@id":"https:\/\/www.iburmar.com\/WEB\/#\/schema\/logo\/image\/"},"sameAs":["https:\/\/www.facebook.com\/iburmar\/","https:\/\/x.com\/BurmarSweet"]}]}},"_links":{"self":[{"href":"https:\/\/www.iburmar.com\/WEB\/wp-json\/wp\/v2\/pages\/54","targetHints":{"allow":["GET"]}}],"collection":[{"href":"https:\/\/www.iburmar.com\/WEB\/wp-json\/wp\/v2\/pages"}],"about":[{"href":"https:\/\/www.iburmar.com\/WEB\/wp-json\/wp\/v2\/types\/page"}],"author":[{"embeddable":true,"href":"https:\/\/www.iburmar.com\/WEB\/wp-json\/wp\/v2\/users\/1"}],"replies":[{"embeddable":true,"href":"https:\/\/www.iburmar.com\/WEB\/wp-json\/wp\/v2\/comments?post=54"}],"version-history":[{"count":0,"href":"https:\/\/www.iburmar.com\/WEB\/wp-json\/wp\/v2\/pages\/54\/revisions"}],"wp:attachment":[{"href":"https:\/\/www.iburmar.com\/WEB\/wp-json\/wp\/v2\/media?parent=54"}],"curies":[{"name":"wp","href":"https:\/\/api.w.org\/{rel}","templated":true}]}}