{"id":364,"date":"2016-05-12T08:09:15","date_gmt":"2016-05-12T08:09:15","guid":{"rendered":"http:\/\/www.iburmar.com\/WEB\/?page_id=364"},"modified":"2016-10-18T06:22:04","modified_gmt":"2016-10-18T06:22:04","slug":"politica-de-cookies","status":"publish","type":"page","link":"https:\/\/www.iburmar.com\/WEB\/politica-de-cookies\/","title":{"rendered":"Pol\u00edtica de Cookies"},"content":{"rendered":"<h2 style=\"text-align: center;\">Pol\u00edtica de cookies.<\/h2>\n<p>&nbsp;<\/p>\n<p style=\"text-align: justify;\">Este sitio web, al igual que la mayor\u00eda de sitios de Internet, usa Cookies para mejorar y optimizar la experiencia del usuario. A continuaci\u00f3n encontrar\u00e1 informaci\u00f3n detallada sobre qu\u00e9\u00a0son las cookies, que tipolog\u00eda utiliza este sitio web, como puede desactivarlas en su navegador\u00a0y como bloquear espec\u00edficamente la instalaci\u00f3n de cookies de terceros.<\/p>\n<p>&nbsp;<\/p>\n<h5><strong>\u00bfQu\u00e9 son las Cookies?<\/strong><\/h5>\n<p style=\"text-align: justify;\">Una cookie es un fichero que se descarga en su ordenador al acceder a determinadas p\u00e1ginasweb. Las cookies permiten a una p\u00e1gina web, entre otras cosas, almacenar y recuperar\u00a0informaci\u00f3n sobre los h\u00e1bitos de navegaci\u00f3n de un usuario o de su equipo y, dependiendo de la\u00a0informaci\u00f3n que contengan y de la forma en que utilice su equipo, pueden utilizarse para\u00a0reconocer al usuario.<\/p>\n<p>&nbsp;<\/p>\n<h5><strong>Tipos de Cookies.<\/strong><\/h5>\n<p style=\"text-align: justify;\">\u2022 Cookies propias: Son aqu\u00e9llas que se env\u00edan al equipo terminal del usuario desde un\u00a0equipo o dominio gestionado por el propio editor y desde el que se presta el servicio\u00a0solicitado por el usuario.<\/p>\n<p style=\"text-align: justify;\">\u2022 Cookies de tercero: Son aqu\u00e9llas que se env\u00edan al equipo terminal del usuario desde un\u00a0equipo o dominio que no es gestionado por el editor, sino por otra entidad que trata los\u00a0datos obtenidos trav\u00e9s de las cookies.<\/p>\n<p style=\"text-align: justify;\">\u2022 Cookies de sesi\u00f3n: Son un tipo de cookies dise\u00f1adas para recabar y almacenar datos\u00a0mientras el usuario accede a una p\u00e1gina web.<\/p>\n<p style=\"text-align: justify;\">\u2022 Cookies persistentes: Son un tipo de cookies en el que los datos siguen almacenados en\u00a0el terminal y pueden ser accedidos y tratados durante un periodo definido por el\u00a0responsable de la cookie, y que puede ir de unos minutos a varios a\u00f1os.<\/p>\n<p style=\"text-align: justify;\">\u2022 Cookies de an\u00e1lisis: Son aqu\u00e9llas que bien tratadas por nosotros o por terceros, nos\u00a0permiten cuantificar el n\u00famero de usuarios y as\u00ed realizar la medici\u00f3n y an\u00e1lisis\u00a0estad\u00edstico de la utilizaci\u00f3n que hacen los usuarios del servicio ofertado. Para ello se\u00a0analiza su navegaci\u00f3n en nuestra p\u00e1gina web con el fin de mejorar la oferta de\u00a0productos o servicios que le ofrecemos.<\/p>\n<p style=\"text-align: justify;\">\u2022 Cookies publicitarias: Son aqu\u00e9llas que permiten la gesti\u00f3n, de la forma m\u00e1s eficaz\u00a0posible, de los espacios publicitarios que, en su caso, el editor haya incluido en una\u00a0p\u00e1gina web, aplicaci\u00f3n o plataforma desde la que presta el servicio solicitado en base a\u00a0criterios como el contenido editado o la frecuencia en la que se muestran los anuncios.<\/p>\n<p>&nbsp;<\/p>\n<h5><strong>Burmar Sweets, S.L. Utiliza cookies para:<\/strong><\/h5>\n<p>\u2022 Asegurar que las p\u00e1ginas web pueden funcionar correctamente.<\/p>\n<p>\u2022 Almacenar tus preferencias, como el idioma que has seleccionado o el tama\u00f1o de letra.<\/p>\n<p>\u2022 Conocer tu experiencia de navegaci\u00f3n.<\/p>\n<p>&nbsp;<\/p>\n<h5><strong>Revocaci\u00f3n y Eliminaci\u00f3n de Cookies.<\/strong><\/h5>\n<p style=\"text-align: justify;\">Usted puede permitir, bloquear o eliminar las cookies instaladas en su equipo mediante la\u00a0configuraci\u00f3n de las opciones del navegador instalado en su ordenador, en caso que no permita\u00a0la instalaci\u00f3n de cookies en su navegador es posible que no pueda acceder a alguna de las\u00a0secciones de nuestra web.<\/p>\n<p style=\"text-align: justify;\">Si usted ha modificado voluntariamente la configuraci\u00f3n del navegador para admitir cookies de\u00a0publicidad o de terceros, dicha acci\u00f3n significar\u00e1 que da su consentimiento para el tratamiento\u00a0de sus datos a los efectos de publicidad.<\/p>\n<p>Puede encontrar informaci\u00f3n sobre c\u00f3mo configurar el uso de cookies en su navegador:<\/p>\n<p>\u2022 Navegador Firefox desde aqu\u00ed: <a href=\"http:\/\/support.mozilla.org\/es\/kb\/habilitar-y-deshabilitar-cookies-que-los-sitios-we\">http:\/\/support.mozilla.org\/es\/kb\/habilitar-y-deshabilitar-cookies-que-los-sitios-we<\/a><\/p>\n<p>\u2022 Navegador Chrome desde aqu\u00ed:\u00a0<a href=\"http:\/\/support.google.com\/chrome\/bin\/answer.py?hl=es&amp;answer=95647\">http:\/\/support.google.com\/chrome\/bin\/answer.py?hl=es&amp;answer=95647<\/a><\/p>\n<p>\u2022 Navegador Explorer desde aqu\u00ed: <a href=\"http:\/\/windows.microsoft.com\/es-es\/windows7\/how-to-manage-cookies-in-internet-explorer-9\">http:\/\/windows.microsoft.com\/es-es\/windows7\/how-to-manage-cookies-in-internet-explorer-9<\/a><\/p>\n<p>\u2022 Navegador Safari desde aqu\u00ed:\u00a0<a href=\"http:\/\/support.apple.com\/kb\/ph5042\">http:\/\/support.apple.com\/kb\/ph5042<\/a><\/p>\n<p>\u2022 Navegador Opera desde aqu\u00ed:\u00a0<a href=\"http:\/\/help.opera.com\/Windows\/11.50\/es-ES\/cookies.html\">http:\/\/help.opera.com\/Windows\/11.50\/es-ES\/cookies.html<\/a><\/p>\n<p>&nbsp;<\/p>\n<p style=\"text-align: justify;\">Si deseas m\u00e1s informaci\u00f3n sobre el uso de cookies puedes solicit\u00e1rnosla a<strong> info@iburmar.com<\/strong><\/p>\n<p>&nbsp;<\/p>\n","protected":false},"excerpt":{"rendered":"<p>Pol\u00edtica de cookies. &nbsp; Este sitio web, al igual que la mayor\u00eda de sitios de Internet, usa Cookies para mejorar y optimizar la experiencia del usuario. A continuaci\u00f3n encontrar\u00e1 informaci\u00f3n detallada sobre qu\u00e9\u00a0son las cookies, que tipolog\u00eda utiliza este sitio web, como puede desactivarlas en su navegador\u00a0y como bloquear espec\u00edficamente la instalaci\u00f3n de cookies de [&hellip;]<\/p>\n","protected":false},"author":1,"featured_media":0,"parent":0,"menu_order":0,"comment_status":"closed","ping_status":"closed","template":"","meta":{"_monsterinsights_skip_tracking":false,"_monsterinsights_sitenote_active":false,"_monsterinsights_sitenote_note":"","_monsterinsights_sitenote_category":0,"footnotes":""},"class_list":["post-364","page","type-page","status-publish","hentry"],"yoast_head":"<!-- This site is optimized with the Yoast SEO plugin v25.4 - https:\/\/yoast.com\/wordpress\/plugins\/seo\/ -->\n<title>cookies<\/title>\n<meta name=\"description\" content=\"L\u00edder en la fabricaci\u00f3n de golosinas l\u00edquidas con marcas como Burmar Flax, Superflah, Flaggolosina o Rocko, y en bebida refrescante con Cantimplora Zumrok.\" \/>\n<meta name=\"robots\" content=\"index, follow, max-snippet:-1, max-image-preview:large, max-video-preview:-1\" \/>\n<link rel=\"canonical\" href=\"https:\/\/www.iburmar.com\/WEB\/politica-de-cookies\/\" \/>\n<meta property=\"og:locale\" content=\"es_ES\" \/>\n<meta property=\"og:type\" content=\"article\" \/>\n<meta property=\"og:title\" content=\"cookies\" \/>\n<meta property=\"og:description\" content=\"L\u00edder en la fabricaci\u00f3n de golosinas l\u00edquidas con marcas como Burmar Flax, Superflah, Flaggolosina o Rocko, y en bebida refrescante con Cantimplora Zumrok.\" \/>\n<meta property=\"og:url\" content=\"https:\/\/www.iburmar.com\/WEB\/politica-de-cookies\/\" \/>\n<meta property=\"og:site_name\" content=\"Burmar Shop\" \/>\n<meta property=\"article:publisher\" content=\"https:\/\/www.facebook.com\/iburmar\/\" \/>\n<meta property=\"article:modified_time\" content=\"2016-10-18T06:22:04+00:00\" \/>\n<meta property=\"og:image\" content=\"http:\/\/www.iburmar.com\/WEB\/wp-content\/uploads\/2016\/11\/miniaturaIburmar.jpg\" \/>\n<meta name=\"twitter:card\" content=\"summary_large_image\" \/>\n<meta name=\"twitter:site\" content=\"@BurmarSweet\" \/>\n<meta name=\"twitter:label1\" content=\"Tiempo de lectura\" \/>\n\t<meta name=\"twitter:data1\" content=\"3 minutos\" \/>\n<script type=\"application\/ld+json\" class=\"yoast-schema-graph\">{\"@context\":\"https:\/\/schema.org\",\"@graph\":[{\"@type\":\"WebPage\",\"@id\":\"https:\/\/www.iburmar.com\/WEB\/politica-de-cookies\/\",\"url\":\"https:\/\/www.iburmar.com\/WEB\/politica-de-cookies\/\",\"name\":\"cookies\",\"isPartOf\":{\"@id\":\"https:\/\/www.iburmar.com\/WEB\/#website\"},\"datePublished\":\"2016-05-12T08:09:15+00:00\",\"dateModified\":\"2016-10-18T06:22:04+00:00\",\"description\":\"L\u00edder en la fabricaci\u00f3n de golosinas l\u00edquidas con marcas como Burmar Flax, Superflah, Flaggolosina o Rocko, y en bebida refrescante con Cantimplora Zumrok.\",\"breadcrumb\":{\"@id\":\"https:\/\/www.iburmar.com\/WEB\/politica-de-cookies\/#breadcrumb\"},\"inLanguage\":\"es\",\"potentialAction\":[{\"@type\":\"ReadAction\",\"target\":[\"https:\/\/www.iburmar.com\/WEB\/politica-de-cookies\/\"]}]},{\"@type\":\"BreadcrumbList\",\"@id\":\"https:\/\/www.iburmar.com\/WEB\/politica-de-cookies\/#breadcrumb\",\"itemListElement\":[{\"@type\":\"ListItem\",\"position\":1,\"name\":\"Portada\",\"item\":\"https:\/\/www.iburmar.com\/WEB\/\"},{\"@type\":\"ListItem\",\"position\":2,\"name\":\"Pol\u00edtica de Cookies\"}]},{\"@type\":\"WebSite\",\"@id\":\"https:\/\/www.iburmar.com\/WEB\/#website\",\"url\":\"https:\/\/www.iburmar.com\/WEB\/\",\"name\":\"Burmar Shop\",\"description\":\"Fabricamos todos nuestros productos en Espa\u00f1a con ingredientes de la m\u00e1xima calidad.\",\"publisher\":{\"@id\":\"https:\/\/www.iburmar.com\/WEB\/#organization\"},\"potentialAction\":[{\"@type\":\"SearchAction\",\"target\":{\"@type\":\"EntryPoint\",\"urlTemplate\":\"https:\/\/www.iburmar.com\/WEB\/?s={search_term_string}\"},\"query-input\":{\"@type\":\"PropertyValueSpecification\",\"valueRequired\":true,\"valueName\":\"search_term_string\"}}],\"inLanguage\":\"es\"},{\"@type\":\"Organization\",\"@id\":\"https:\/\/www.iburmar.com\/WEB\/#organization\",\"name\":\"Burmar Sweet\",\"url\":\"https:\/\/www.iburmar.com\/WEB\/\",\"logo\":{\"@type\":\"ImageObject\",\"inLanguage\":\"es\",\"@id\":\"https:\/\/www.iburmar.com\/WEB\/#\/schema\/logo\/image\/\",\"url\":\"https:\/\/www.iburmar.com\/WEB\/wp-content\/uploads\/2022\/04\/LogoBurmar-1.png\",\"contentUrl\":\"https:\/\/www.iburmar.com\/WEB\/wp-content\/uploads\/2022\/04\/LogoBurmar-1.png\",\"width\":500,\"height\":205,\"caption\":\"Burmar Sweet\"},\"image\":{\"@id\":\"https:\/\/www.iburmar.com\/WEB\/#\/schema\/logo\/image\/\"},\"sameAs\":[\"https:\/\/www.facebook.com\/iburmar\/\",\"https:\/\/x.com\/BurmarSweet\"]}]}<\/script>\n<!-- \/ Yoast SEO plugin. -->","yoast_head_json":{"title":"cookies","description":"L\u00edder en la fabricaci\u00f3n de golosinas l\u00edquidas con marcas como Burmar Flax, Superflah, Flaggolosina o Rocko, y en bebida refrescante con Cantimplora Zumrok.","robots":{"index":"index","follow":"follow","max-snippet":"max-snippet:-1","max-image-preview":"max-image-preview:large","max-video-preview":"max-video-preview:-1"},"canonical":"https:\/\/www.iburmar.com\/WEB\/politica-de-cookies\/","og_locale":"es_ES","og_type":"article","og_title":"cookies","og_description":"L\u00edder en la fabricaci\u00f3n de golosinas l\u00edquidas con marcas como Burmar Flax, Superflah, Flaggolosina o Rocko, y en bebida refrescante con Cantimplora Zumrok.","og_url":"https:\/\/www.iburmar.com\/WEB\/politica-de-cookies\/","og_site_name":"Burmar Shop","article_publisher":"https:\/\/www.facebook.com\/iburmar\/","article_modified_time":"2016-10-18T06:22:04+00:00","og_image":[{"url":"http:\/\/www.iburmar.com\/WEB\/wp-content\/uploads\/2016\/11\/miniaturaIburmar.jpg","type":"","width":"","height":""}],"twitter_card":"summary_large_image","twitter_site":"@BurmarSweet","twitter_misc":{"Tiempo de lectura":"3 minutos"},"schema":{"@context":"https:\/\/schema.org","@graph":[{"@type":"WebPage","@id":"https:\/\/www.iburmar.com\/WEB\/politica-de-cookies\/","url":"https:\/\/www.iburmar.com\/WEB\/politica-de-cookies\/","name":"cookies","isPartOf":{"@id":"https:\/\/www.iburmar.com\/WEB\/#website"},"datePublished":"2016-05-12T08:09:15+00:00","dateModified":"2016-10-18T06:22:04+00:00","description":"L\u00edder en la fabricaci\u00f3n de golosinas l\u00edquidas con marcas como Burmar Flax, Superflah, Flaggolosina o Rocko, y en bebida refrescante con Cantimplora Zumrok.","breadcrumb":{"@id":"https:\/\/www.iburmar.com\/WEB\/politica-de-cookies\/#breadcrumb"},"inLanguage":"es","potentialAction":[{"@type":"ReadAction","target":["https:\/\/www.iburmar.com\/WEB\/politica-de-cookies\/"]}]},{"@type":"BreadcrumbList","@id":"https:\/\/www.iburmar.com\/WEB\/politica-de-cookies\/#breadcrumb","itemListElement":[{"@type":"ListItem","position":1,"name":"Portada","item":"https:\/\/www.iburmar.com\/WEB\/"},{"@type":"ListItem","position":2,"name":"Pol\u00edtica de Cookies"}]},{"@type":"WebSite","@id":"https:\/\/www.iburmar.com\/WEB\/#website","url":"https:\/\/www.iburmar.com\/WEB\/","name":"Burmar Shop","description":"Fabricamos todos nuestros productos en Espa\u00f1a con ingredientes de la m\u00e1xima calidad.","publisher":{"@id":"https:\/\/www.iburmar.com\/WEB\/#organization"},"potentialAction":[{"@type":"SearchAction","target":{"@type":"EntryPoint","urlTemplate":"https:\/\/www.iburmar.com\/WEB\/?s={search_term_string}"},"query-input":{"@type":"PropertyValueSpecification","valueRequired":true,"valueName":"search_term_string"}}],"inLanguage":"es"},{"@type":"Organization","@id":"https:\/\/www.iburmar.com\/WEB\/#organization","name":"Burmar Sweet","url":"https:\/\/www.iburmar.com\/WEB\/","logo":{"@type":"ImageObject","inLanguage":"es","@id":"https:\/\/www.iburmar.com\/WEB\/#\/schema\/logo\/image\/","url":"https:\/\/www.iburmar.com\/WEB\/wp-content\/uploads\/2022\/04\/LogoBurmar-1.png","contentUrl":"https:\/\/www.iburmar.com\/WEB\/wp-content\/uploads\/2022\/04\/LogoBurmar-1.png","width":500,"height":205,"caption":"Burmar Sweet"},"image":{"@id":"https:\/\/www.iburmar.com\/WEB\/#\/schema\/logo\/image\/"},"sameAs":["https:\/\/www.facebook.com\/iburmar\/","https:\/\/x.com\/BurmarSweet"]}]}},"_links":{"self":[{"href":"https:\/\/www.iburmar.com\/WEB\/wp-json\/wp\/v2\/pages\/364","targetHints":{"allow":["GET"]}}],"collection":[{"href":"https:\/\/www.iburmar.com\/WEB\/wp-json\/wp\/v2\/pages"}],"about":[{"href":"https:\/\/www.iburmar.com\/WEB\/wp-json\/wp\/v2\/types\/page"}],"author":[{"embeddable":true,"href":"https:\/\/www.iburmar.com\/WEB\/wp-json\/wp\/v2\/users\/1"}],"replies":[{"embeddable":true,"href":"https:\/\/www.iburmar.com\/WEB\/wp-json\/wp\/v2\/comments?post=364"}],"version-history":[{"count":1,"href":"https:\/\/www.iburmar.com\/WEB\/wp-json\/wp\/v2\/pages\/364\/revisions"}],"predecessor-version":[{"id":11798,"href":"https:\/\/www.iburmar.com\/WEB\/wp-json\/wp\/v2\/pages\/364\/revisions\/11798"}],"wp:attachment":[{"href":"https:\/\/www.iburmar.com\/WEB\/wp-json\/wp\/v2\/media?parent=364"}],"curies":[{"name":"wp","href":"https:\/\/api.w.org\/{rel}","templated":true}]}}