{"id":362,"date":"2016-05-12T08:08:29","date_gmt":"2016-05-12T08:08:29","guid":{"rendered":"http:\/\/www.iburmar.com\/WEB\/?page_id=362"},"modified":"2018-11-08T12:31:30","modified_gmt":"2018-11-08T12:31:30","slug":"politica-de-proteccion-de-datos","status":"publish","type":"page","link":"https:\/\/www.iburmar.com\/WEB\/politica-de-proteccion-de-datos\/","title":{"rendered":"Pol\u00edtica de protecci\u00f3n de datos"},"content":{"rendered":"<h2>POL\u00cdTICA DE PROTECCI\u00d3N DE DATOS<\/h2>\n<h4>Datos del Responsable:<\/h4>\n<p>BURMAR SWEETS, S.L. &#8211; CIF: B07085590<br \/>\nDirecci\u00f3n postal: CTRA PUERTO PE\u00d1A 19 TALARRUBIAS, BADAJOZ<br \/>\nTel\u00e9fono: 924630213 \/ 924630201<br \/>\nFAX: 924630213<\/p>\n<h5>Finalidad en el tratamiento de sus datos:<\/h5>\n<p>Prestaci\u00f3n de los servicios solicitados y realizar la facturaci\u00f3n de los mismos.<br \/>\nOfrecerle productos y servicios relacionados con los solicitados y fidelizarle como cliente.<br \/>\nEnv\u00edo de informaci\u00f3n comercial, promociones y descuentos.<br \/>\nGestionar su participaci\u00f3n en los sorteos en los que se inscriba.<br \/>\nAtender sus consultas y reclamaciones.<br \/>\nCompartir en nuestros medios digitales (web y redes sociales) los contenidos enviados por nuestros usuarios con tal fin.<\/p>\n<h5>Plazos de conservaci\u00f3n:<\/h5>\n<p>Los datos proporcionados se conservar\u00e1n mientras se mantenga la relaci\u00f3n comercial o durante los a\u00f1os necesarios para cumplir con las obligaciones legales.<\/p>\n<h5>Legitimaci\u00f3n en el tratamiento de sus datos:<\/h5>\n<p>Autorizaci\u00f3n por parte del usuario.<\/p>\n<h5>Destinatarios de sus datos:<\/h5>\n<p>Los datos no se ceder\u00e1n a terceros salvo los encargados de tratamiento y salvo en los casos en que exista una obligaci\u00f3n legal.<\/p>\n<h5>Ejercicio de Derechos<\/h5>\n<p>Cualquier persona tiene derecho a obtener confirmaci\u00f3n sobre si en Burmar Sweets, s.l. estamos tratando datos personales que les conciernan, o no.<br \/>\nLas personas interesadas tienen los siguientes derechos en relaci\u00f3n con sus datos personales:<\/p>\n<p>Derecho solicitar el acceso a los datos personales relativos al interesado,<br \/>\nDerecho a solicitar su rectificaci\u00f3n o supresi\u00f3n,<br \/>\nDerecho a solicitar la limitaci\u00f3n de su tratamiento,<br \/>\nDerecho a oponerse al tratamiento,<br \/>\nDerecho a la portabilidad de los datos;<\/p>\n<p>En el caso de que se haya otorgado el consentimiento para alguna finalidad espec\u00edfica, el interesado tiene derecho a <b>retirar el consentimiento<\/b> en cualquier momento, sin que ello afecte a la licitud del tratamiento basado en el consentimiento previo a su retirada.<\/p>\n<p><u>Puede ejercer sus derechos a trav\u00e9s del siguiente medio:<\/u><br \/>\nEmail a lopd@iburmar.com, aportando documentaci\u00f3n que acredite la identidad del solicitante (copia del anverso del Documento Nacional de Identidad, o equivalente).<br \/>\nEn cualquier caso, puede solicitar la tutela de la Agencia Espa\u00f1ola de Protecci\u00f3n de Datos a trav\u00e9s de su p\u00e1gina web <a href=\"http:\/\/www.agpd.es\">www.agpd.es<\/a><\/p>\n<h5>INFORMACI\u00d3N ADICIONAL SOBRE REDES SOCIALES:<\/h5>\n<p>BURMAR SWEETS, S.L. tiene actividad en las siguientes redes sociales: Facebook, Twitter, Instagram y Youtube y en todas ellas adopta medidas con el fin de proteger la informaci\u00f3n de car\u00e1cter personal, evitando su p\u00e9rdida, robo, divulgaci\u00f3n, alteraci\u00f3n o uso no autorizado. Puedes consultar las pol\u00edticas de privacidad de estas redes sociales en sus correspondientes webs.<\/p>\n","protected":false},"excerpt":{"rendered":"<p>POL\u00cdTICA DE PROTECCI\u00d3N DE DATOS Datos del Responsable: BURMAR SWEETS, S.L. &#8211; CIF: B07085590 Direcci\u00f3n postal: CTRA PUERTO PE\u00d1A 19 TALARRUBIAS, BADAJOZ Tel\u00e9fono: 924630213 \/ 924630201 FAX: 924630213 Finalidad en el tratamiento de sus datos: Prestaci\u00f3n de los servicios solicitados y realizar la facturaci\u00f3n de los mismos. Ofrecerle productos y servicios relacionados con los solicitados [&hellip;]<\/p>\n","protected":false},"author":1,"featured_media":0,"parent":0,"menu_order":0,"comment_status":"closed","ping_status":"closed","template":"","meta":{"_monsterinsights_skip_tracking":false,"_monsterinsights_sitenote_active":false,"_monsterinsights_sitenote_note":"","_monsterinsights_sitenote_category":0,"footnotes":""},"class_list":["post-362","page","type-page","status-publish","hentry"],"yoast_head":"<!-- This site is optimized with the Yoast SEO plugin v25.4 - https:\/\/yoast.com\/wordpress\/plugins\/seo\/ -->\n<title>Pol\u00edtica de protecci\u00f3n de datos - Burmar Shop<\/title>\n<meta name=\"description\" content=\"L\u00edder en la fabricaci\u00f3n de golosinas l\u00edquidas con marcas como Burmar Flax, Superflah, Flaggolosina o Rocko, y en bebida refrescante con Cantimplora Zumrok.\" \/>\n<meta name=\"robots\" content=\"index, follow, max-snippet:-1, max-image-preview:large, max-video-preview:-1\" \/>\n<link rel=\"canonical\" href=\"https:\/\/www.iburmar.com\/WEB\/politica-de-proteccion-de-datos\/\" \/>\n<meta property=\"og:locale\" content=\"es_ES\" \/>\n<meta property=\"og:type\" content=\"article\" \/>\n<meta property=\"og:title\" content=\"Pol\u00edtica de protecci\u00f3n de datos - Burmar Shop\" \/>\n<meta property=\"og:description\" content=\"L\u00edder en la fabricaci\u00f3n de golosinas l\u00edquidas con marcas como Burmar Flax, Superflah, Flaggolosina o Rocko, y en bebida refrescante con Cantimplora Zumrok.\" \/>\n<meta property=\"og:url\" content=\"https:\/\/www.iburmar.com\/WEB\/politica-de-proteccion-de-datos\/\" \/>\n<meta property=\"og:site_name\" content=\"Burmar Shop\" \/>\n<meta property=\"article:publisher\" content=\"https:\/\/www.facebook.com\/iburmar\/\" \/>\n<meta property=\"article:modified_time\" content=\"2018-11-08T12:31:30+00:00\" \/>\n<meta property=\"og:image\" content=\"http:\/\/www.iburmar.com\/WEB\/wp-content\/uploads\/2016\/11\/miniaturaIburmar.jpg\" \/>\n<meta name=\"twitter:card\" content=\"summary_large_image\" \/>\n<meta name=\"twitter:site\" content=\"@BurmarSweet\" \/>\n<meta name=\"twitter:label1\" content=\"Tiempo de lectura\" \/>\n\t<meta name=\"twitter:data1\" content=\"2 minutos\" \/>\n<script type=\"application\/ld+json\" class=\"yoast-schema-graph\">{\"@context\":\"https:\/\/schema.org\",\"@graph\":[{\"@type\":\"WebPage\",\"@id\":\"https:\/\/www.iburmar.com\/WEB\/politica-de-proteccion-de-datos\/\",\"url\":\"https:\/\/www.iburmar.com\/WEB\/politica-de-proteccion-de-datos\/\",\"name\":\"Pol\u00edtica de protecci\u00f3n de datos - Burmar Shop\",\"isPartOf\":{\"@id\":\"https:\/\/www.iburmar.com\/WEB\/#website\"},\"datePublished\":\"2016-05-12T08:08:29+00:00\",\"dateModified\":\"2018-11-08T12:31:30+00:00\",\"description\":\"L\u00edder en la fabricaci\u00f3n de golosinas l\u00edquidas con marcas como Burmar Flax, Superflah, Flaggolosina o Rocko, y en bebida refrescante con Cantimplora Zumrok.\",\"breadcrumb\":{\"@id\":\"https:\/\/www.iburmar.com\/WEB\/politica-de-proteccion-de-datos\/#breadcrumb\"},\"inLanguage\":\"es\",\"potentialAction\":[{\"@type\":\"ReadAction\",\"target\":[\"https:\/\/www.iburmar.com\/WEB\/politica-de-proteccion-de-datos\/\"]}]},{\"@type\":\"BreadcrumbList\",\"@id\":\"https:\/\/www.iburmar.com\/WEB\/politica-de-proteccion-de-datos\/#breadcrumb\",\"itemListElement\":[{\"@type\":\"ListItem\",\"position\":1,\"name\":\"Portada\",\"item\":\"https:\/\/www.iburmar.com\/WEB\/\"},{\"@type\":\"ListItem\",\"position\":2,\"name\":\"Pol\u00edtica de protecci\u00f3n de datos\"}]},{\"@type\":\"WebSite\",\"@id\":\"https:\/\/www.iburmar.com\/WEB\/#website\",\"url\":\"https:\/\/www.iburmar.com\/WEB\/\",\"name\":\"Burmar Shop\",\"description\":\"Fabricamos todos nuestros productos en Espa\u00f1a con ingredientes de la m\u00e1xima calidad.\",\"publisher\":{\"@id\":\"https:\/\/www.iburmar.com\/WEB\/#organization\"},\"potentialAction\":[{\"@type\":\"SearchAction\",\"target\":{\"@type\":\"EntryPoint\",\"urlTemplate\":\"https:\/\/www.iburmar.com\/WEB\/?s={search_term_string}\"},\"query-input\":{\"@type\":\"PropertyValueSpecification\",\"valueRequired\":true,\"valueName\":\"search_term_string\"}}],\"inLanguage\":\"es\"},{\"@type\":\"Organization\",\"@id\":\"https:\/\/www.iburmar.com\/WEB\/#organization\",\"name\":\"Burmar Sweet\",\"url\":\"https:\/\/www.iburmar.com\/WEB\/\",\"logo\":{\"@type\":\"ImageObject\",\"inLanguage\":\"es\",\"@id\":\"https:\/\/www.iburmar.com\/WEB\/#\/schema\/logo\/image\/\",\"url\":\"https:\/\/www.iburmar.com\/WEB\/wp-content\/uploads\/2022\/04\/LogoBurmar-1.png\",\"contentUrl\":\"https:\/\/www.iburmar.com\/WEB\/wp-content\/uploads\/2022\/04\/LogoBurmar-1.png\",\"width\":500,\"height\":205,\"caption\":\"Burmar Sweet\"},\"image\":{\"@id\":\"https:\/\/www.iburmar.com\/WEB\/#\/schema\/logo\/image\/\"},\"sameAs\":[\"https:\/\/www.facebook.com\/iburmar\/\",\"https:\/\/x.com\/BurmarSweet\"]}]}<\/script>\n<!-- \/ Yoast SEO plugin. -->","yoast_head_json":{"title":"Pol\u00edtica de protecci\u00f3n de datos - Burmar Shop","description":"L\u00edder en la fabricaci\u00f3n de golosinas l\u00edquidas con marcas como Burmar Flax, Superflah, Flaggolosina o Rocko, y en bebida refrescante con Cantimplora Zumrok.","robots":{"index":"index","follow":"follow","max-snippet":"max-snippet:-1","max-image-preview":"max-image-preview:large","max-video-preview":"max-video-preview:-1"},"canonical":"https:\/\/www.iburmar.com\/WEB\/politica-de-proteccion-de-datos\/","og_locale":"es_ES","og_type":"article","og_title":"Pol\u00edtica de protecci\u00f3n de datos - Burmar Shop","og_description":"L\u00edder en la fabricaci\u00f3n de golosinas l\u00edquidas con marcas como Burmar Flax, Superflah, Flaggolosina o Rocko, y en bebida refrescante con Cantimplora Zumrok.","og_url":"https:\/\/www.iburmar.com\/WEB\/politica-de-proteccion-de-datos\/","og_site_name":"Burmar Shop","article_publisher":"https:\/\/www.facebook.com\/iburmar\/","article_modified_time":"2018-11-08T12:31:30+00:00","og_image":[{"url":"http:\/\/www.iburmar.com\/WEB\/wp-content\/uploads\/2016\/11\/miniaturaIburmar.jpg","type":"","width":"","height":""}],"twitter_card":"summary_large_image","twitter_site":"@BurmarSweet","twitter_misc":{"Tiempo de lectura":"2 minutos"},"schema":{"@context":"https:\/\/schema.org","@graph":[{"@type":"WebPage","@id":"https:\/\/www.iburmar.com\/WEB\/politica-de-proteccion-de-datos\/","url":"https:\/\/www.iburmar.com\/WEB\/politica-de-proteccion-de-datos\/","name":"Pol\u00edtica de protecci\u00f3n de datos - Burmar Shop","isPartOf":{"@id":"https:\/\/www.iburmar.com\/WEB\/#website"},"datePublished":"2016-05-12T08:08:29+00:00","dateModified":"2018-11-08T12:31:30+00:00","description":"L\u00edder en la fabricaci\u00f3n de golosinas l\u00edquidas con marcas como Burmar Flax, Superflah, Flaggolosina o Rocko, y en bebida refrescante con Cantimplora Zumrok.","breadcrumb":{"@id":"https:\/\/www.iburmar.com\/WEB\/politica-de-proteccion-de-datos\/#breadcrumb"},"inLanguage":"es","potentialAction":[{"@type":"ReadAction","target":["https:\/\/www.iburmar.com\/WEB\/politica-de-proteccion-de-datos\/"]}]},{"@type":"BreadcrumbList","@id":"https:\/\/www.iburmar.com\/WEB\/politica-de-proteccion-de-datos\/#breadcrumb","itemListElement":[{"@type":"ListItem","position":1,"name":"Portada","item":"https:\/\/www.iburmar.com\/WEB\/"},{"@type":"ListItem","position":2,"name":"Pol\u00edtica de protecci\u00f3n de datos"}]},{"@type":"WebSite","@id":"https:\/\/www.iburmar.com\/WEB\/#website","url":"https:\/\/www.iburmar.com\/WEB\/","name":"Burmar Shop","description":"Fabricamos todos nuestros productos en Espa\u00f1a con ingredientes de la m\u00e1xima calidad.","publisher":{"@id":"https:\/\/www.iburmar.com\/WEB\/#organization"},"potentialAction":[{"@type":"SearchAction","target":{"@type":"EntryPoint","urlTemplate":"https:\/\/www.iburmar.com\/WEB\/?s={search_term_string}"},"query-input":{"@type":"PropertyValueSpecification","valueRequired":true,"valueName":"search_term_string"}}],"inLanguage":"es"},{"@type":"Organization","@id":"https:\/\/www.iburmar.com\/WEB\/#organization","name":"Burmar Sweet","url":"https:\/\/www.iburmar.com\/WEB\/","logo":{"@type":"ImageObject","inLanguage":"es","@id":"https:\/\/www.iburmar.com\/WEB\/#\/schema\/logo\/image\/","url":"https:\/\/www.iburmar.com\/WEB\/wp-content\/uploads\/2022\/04\/LogoBurmar-1.png","contentUrl":"https:\/\/www.iburmar.com\/WEB\/wp-content\/uploads\/2022\/04\/LogoBurmar-1.png","width":500,"height":205,"caption":"Burmar Sweet"},"image":{"@id":"https:\/\/www.iburmar.com\/WEB\/#\/schema\/logo\/image\/"},"sameAs":["https:\/\/www.facebook.com\/iburmar\/","https:\/\/x.com\/BurmarSweet"]}]}},"_links":{"self":[{"href":"https:\/\/www.iburmar.com\/WEB\/wp-json\/wp\/v2\/pages\/362","targetHints":{"allow":["GET"]}}],"collection":[{"href":"https:\/\/www.iburmar.com\/WEB\/wp-json\/wp\/v2\/pages"}],"about":[{"href":"https:\/\/www.iburmar.com\/WEB\/wp-json\/wp\/v2\/types\/page"}],"author":[{"embeddable":true,"href":"https:\/\/www.iburmar.com\/WEB\/wp-json\/wp\/v2\/users\/1"}],"replies":[{"embeddable":true,"href":"https:\/\/www.iburmar.com\/WEB\/wp-json\/wp\/v2\/comments?post=362"}],"version-history":[{"count":10,"href":"https:\/\/www.iburmar.com\/WEB\/wp-json\/wp\/v2\/pages\/362\/revisions"}],"predecessor-version":[{"id":3327,"href":"https:\/\/www.iburmar.com\/WEB\/wp-json\/wp\/v2\/pages\/362\/revisions\/3327"}],"wp:attachment":[{"href":"https:\/\/www.iburmar.com\/WEB\/wp-json\/wp\/v2\/media?parent=362"}],"curies":[{"name":"wp","href":"https:\/\/api.w.org\/{rel}","templated":true}]}}