{"id":360,"date":"2016-05-12T08:08:08","date_gmt":"2016-05-12T08:08:08","guid":{"rendered":"http:\/\/www.iburmar.com\/WEB\/?page_id=360"},"modified":"2025-07-15T09:33:16","modified_gmt":"2025-07-15T09:33:16","slug":"aviso-legal","status":"publish","type":"page","link":"https:\/\/www.iburmar.com\/WEB\/aviso-legal\/","title":{"rendered":"Aviso Legal"},"content":{"rendered":"<h2 style=\"text-align: center;\">Informaci\u00f3n Legal y Condiciones de Uso del sitio\u00a0Web<\/h2>\n<p>&nbsp;<\/p>\n<h5><strong>TITULAR DEL SITIO WEB.<\/strong><\/h5>\n<p>Denominaci\u00f3n Social: Burmar Sweets, S.L.<\/p>\n<p>Domicilio Social: Ctra. Puerto Pe\u00f1a 19, 06640 Talarrubias (Badajoz)<\/p>\n<p>C.I.F.: B07085590<\/p>\n<p>&nbsp;<\/p>\n<h5><strong>OBJETO.<\/strong><\/h5>\n<p>Burmar Sweets, S.L. es una entidad cuyo objeto social se extiende principalmente a la\u00a0fabricaci\u00f3n de Golosinas.<\/p>\n<p>&nbsp;<\/p>\n<h5><strong>CONTACTO.<\/strong><\/h5>\n<p>Correo Electr\u00f3nico de contacto: info@iburmar.com<\/p>\n<p>Tfno: 924 63 02 13<\/p>\n<p>Fax: 924 63 03 53<\/p>\n<p><a href=\"http:\/\/www.iburmar.com\">http:\/\/www.iburmar.com<\/a><\/p>\n<p>&nbsp;<\/p>\n<h5><strong>REGISTROS.<\/strong><\/h5>\n<p>Registro Mercantil de\u00a0Madrid. T21482, F61, S8, H M 382071, C.I.F B07085590<\/p>\n<p>&nbsp;<\/p>\n<h5><strong>PROPIEDAD INDUSTRIAL Y USO DE CONTENIDOS.<\/strong><\/h5>\n<p>El contenido de esta web, incluyendo entre otros, im\u00e1genes, logotipos, gr\u00e1ficos, animaciones,\u00a0textos, o aplicaciones inform\u00e1ticas as\u00ed como el nombre de dominio\u00a0<a href=\"http:\/\/iburmar.com\">iburmar.com<\/a>,\u00a0son propiedad del titular o bien ha adquirido los correspondientes derechos de sus propietarios,\u00a0y est\u00e1n protegidos por las leyes y tratados internacionales en materia de propiedad intelectual\u00a0y, en su caso, industrial, as\u00ed como por la normativa reguladora de los nombres de dominio.<\/p>\n<p>\u2022 Queda restringida la reproducci\u00f3n o modificaci\u00f3n de los contenidos<\/p>\n<p>\u2022 Se permite la utilizaci\u00f3n o reproducci\u00f3n, total o parcial, sin \u00e1nimo de lucro, de los\u00a0contenidos de la web siempre que se haga constar la fuente y se incluya un\u00a0hiperv\u00ednculo a esta web.<\/p>\n<p>\u2022 Est\u00e1 permitido visualizar los elementos del website e incluso imprimirlos, copiarlos y\u00a0almacenarlos en el disco duro de su ordenador o en cualquier otro soporte f\u00edsico\u00a0siempre y cuando sea, \u00fanica y exclusivamente, para su uso personal y privado.<\/p>\n<p>El USUARIO se compromete a respetar los derechos de Propiedad Intelectual titularidad de\u00a0Burmar Sweets, S.L.<\/p>\n<p>&nbsp;<\/p>\n<h5><strong>EXCLUSI\u00d3N DE RESPONSABILIDAD.<\/strong><\/h5>\n<p>Burmar Sweets, S.L. no se hace responsable, en ning\u00fan caso, de los da\u00f1os y perjuicios de\u00a0cualquier naturaleza que pudieran ocasionar, a t\u00edtulo enunciativo: errores u omisiones en los\u00a0contenidos, falta de disponibilidad de la web o la transmisi\u00f3n de virus o programas maliciosos o\u00a0lesivos en los contenidos, a pesar de haber adoptado todas las medidas tecnol\u00f3gicas necesarias\u00a0para evitarlo.<\/p>\n<p>Burmar Sweets, S.L. se reserva el derecho de modificar el contenido de la web sin previo aviso\u00a0y sin ning\u00fan tipo de limitaci\u00f3n. La informaci\u00f3n remitida a esta web o introducida a trav\u00e9s de sus\u00a0formularios deber\u00e1 ser veraz y no vulnerar\u00e1 el derecho a terceros ni la legalidad vigente.<\/p>\n<p>&nbsp;<\/p>\n<h5><strong>LEY APLICABLE Y FORO.<\/strong><\/h5>\n<p>Las cuestiones relacionadas con el uso de esta web o sus contenidos se regir\u00e1n y ser\u00e1n\u00a0interpretadas conforme a las presentes Condiciones de Uso y la legislaci\u00f3n espa\u00f1ola,\u00a0someti\u00e9ndose las partes, salvo en los casos en que no est\u00e9 legalmente permitido, a la\u00a0jurisdicci\u00f3n de los Juzgados y Tribunales de la ciudad de Talarrubias (Espa\u00f1a), con renuncia de\u00a0forma expresa a cualquier otro foro que pudiera corresponderles.<\/p>\n","protected":false},"excerpt":{"rendered":"<p>Informaci\u00f3n Legal y Condiciones de Uso del sitio\u00a0Web &nbsp; TITULAR DEL SITIO WEB. Denominaci\u00f3n Social: Burmar Sweets, S.L. Domicilio Social: Ctra. Puerto Pe\u00f1a 19, 06640 Talarrubias (Badajoz) C.I.F.: B07085590 &nbsp; OBJETO. Burmar Sweets, S.L. es una entidad cuyo objeto social se extiende principalmente a la\u00a0fabricaci\u00f3n de Golosinas. &nbsp; CONTACTO. Correo Electr\u00f3nico de contacto: info@iburmar.com Tfno: [&hellip;]<\/p>\n","protected":false},"author":1,"featured_media":0,"parent":0,"menu_order":0,"comment_status":"closed","ping_status":"closed","template":"","meta":{"_monsterinsights_skip_tracking":false,"_monsterinsights_sitenote_active":false,"_monsterinsights_sitenote_note":"","_monsterinsights_sitenote_category":0,"footnotes":""},"class_list":["post-360","page","type-page","status-publish","hentry"],"yoast_head":"<!-- This site is optimized with the Yoast SEO plugin v25.4 - https:\/\/yoast.com\/wordpress\/plugins\/seo\/ -->\n<title>Aviso Legal<\/title>\n<meta name=\"description\" content=\"- Caramelo de goma - Golosina\" \/>\n<meta name=\"robots\" content=\"index, follow, max-snippet:-1, max-image-preview:large, max-video-preview:-1\" \/>\n<link rel=\"canonical\" href=\"https:\/\/www.iburmar.com\/WEB\/aviso-legal\/\" \/>\n<meta property=\"og:locale\" content=\"es_ES\" \/>\n<meta property=\"og:type\" content=\"article\" \/>\n<meta property=\"og:title\" content=\"Aviso Legal\" \/>\n<meta property=\"og:description\" content=\"- Caramelo de goma - Golosina\" \/>\n<meta property=\"og:url\" content=\"https:\/\/www.iburmar.com\/WEB\/aviso-legal\/\" \/>\n<meta property=\"og:site_name\" content=\"Burmar Shop\" \/>\n<meta property=\"article:publisher\" content=\"https:\/\/www.facebook.com\/iburmar\/\" \/>\n<meta property=\"article:modified_time\" content=\"2025-07-15T09:33:16+00:00\" \/>\n<meta property=\"og:image\" content=\"http:\/\/www.iburmar.com\/WEB\/wp-content\/uploads\/2016\/11\/miniaturaIburmar.jpg\" \/>\n<meta name=\"twitter:card\" content=\"summary_large_image\" \/>\n<meta name=\"twitter:site\" content=\"@BurmarSweet\" \/>\n<meta name=\"twitter:label1\" content=\"Tiempo de lectura\" \/>\n\t<meta name=\"twitter:data1\" content=\"2 minutos\" \/>\n<script type=\"application\/ld+json\" class=\"yoast-schema-graph\">{\"@context\":\"https:\/\/schema.org\",\"@graph\":[{\"@type\":\"WebPage\",\"@id\":\"https:\/\/www.iburmar.com\/WEB\/aviso-legal\/\",\"url\":\"https:\/\/www.iburmar.com\/WEB\/aviso-legal\/\",\"name\":\"Aviso Legal\",\"isPartOf\":{\"@id\":\"https:\/\/www.iburmar.com\/WEB\/#website\"},\"datePublished\":\"2016-05-12T08:08:08+00:00\",\"dateModified\":\"2025-07-15T09:33:16+00:00\",\"description\":\"- Caramelo de goma - Golosina\",\"breadcrumb\":{\"@id\":\"https:\/\/www.iburmar.com\/WEB\/aviso-legal\/#breadcrumb\"},\"inLanguage\":\"es\",\"potentialAction\":[{\"@type\":\"ReadAction\",\"target\":[\"https:\/\/www.iburmar.com\/WEB\/aviso-legal\/\"]}]},{\"@type\":\"BreadcrumbList\",\"@id\":\"https:\/\/www.iburmar.com\/WEB\/aviso-legal\/#breadcrumb\",\"itemListElement\":[{\"@type\":\"ListItem\",\"position\":1,\"name\":\"Portada\",\"item\":\"https:\/\/www.iburmar.com\/WEB\/\"},{\"@type\":\"ListItem\",\"position\":2,\"name\":\"Aviso Legal\"}]},{\"@type\":\"WebSite\",\"@id\":\"https:\/\/www.iburmar.com\/WEB\/#website\",\"url\":\"https:\/\/www.iburmar.com\/WEB\/\",\"name\":\"Burmar Shop\",\"description\":\"Fabricamos todos nuestros productos en Espa\u00f1a con ingredientes de la m\u00e1xima calidad.\",\"publisher\":{\"@id\":\"https:\/\/www.iburmar.com\/WEB\/#organization\"},\"potentialAction\":[{\"@type\":\"SearchAction\",\"target\":{\"@type\":\"EntryPoint\",\"urlTemplate\":\"https:\/\/www.iburmar.com\/WEB\/?s={search_term_string}\"},\"query-input\":{\"@type\":\"PropertyValueSpecification\",\"valueRequired\":true,\"valueName\":\"search_term_string\"}}],\"inLanguage\":\"es\"},{\"@type\":\"Organization\",\"@id\":\"https:\/\/www.iburmar.com\/WEB\/#organization\",\"name\":\"Burmar Sweet\",\"url\":\"https:\/\/www.iburmar.com\/WEB\/\",\"logo\":{\"@type\":\"ImageObject\",\"inLanguage\":\"es\",\"@id\":\"https:\/\/www.iburmar.com\/WEB\/#\/schema\/logo\/image\/\",\"url\":\"https:\/\/www.iburmar.com\/WEB\/wp-content\/uploads\/2022\/04\/LogoBurmar-1.png\",\"contentUrl\":\"https:\/\/www.iburmar.com\/WEB\/wp-content\/uploads\/2022\/04\/LogoBurmar-1.png\",\"width\":500,\"height\":205,\"caption\":\"Burmar Sweet\"},\"image\":{\"@id\":\"https:\/\/www.iburmar.com\/WEB\/#\/schema\/logo\/image\/\"},\"sameAs\":[\"https:\/\/www.facebook.com\/iburmar\/\",\"https:\/\/x.com\/BurmarSweet\"]}]}<\/script>\n<!-- \/ Yoast SEO plugin. -->","yoast_head_json":{"title":"Aviso Legal","description":"- Caramelo de goma - Golosina","robots":{"index":"index","follow":"follow","max-snippet":"max-snippet:-1","max-image-preview":"max-image-preview:large","max-video-preview":"max-video-preview:-1"},"canonical":"https:\/\/www.iburmar.com\/WEB\/aviso-legal\/","og_locale":"es_ES","og_type":"article","og_title":"Aviso Legal","og_description":"- Caramelo de goma - Golosina","og_url":"https:\/\/www.iburmar.com\/WEB\/aviso-legal\/","og_site_name":"Burmar Shop","article_publisher":"https:\/\/www.facebook.com\/iburmar\/","article_modified_time":"2025-07-15T09:33:16+00:00","og_image":[{"url":"http:\/\/www.iburmar.com\/WEB\/wp-content\/uploads\/2016\/11\/miniaturaIburmar.jpg","type":"","width":"","height":""}],"twitter_card":"summary_large_image","twitter_site":"@BurmarSweet","twitter_misc":{"Tiempo de lectura":"2 minutos"},"schema":{"@context":"https:\/\/schema.org","@graph":[{"@type":"WebPage","@id":"https:\/\/www.iburmar.com\/WEB\/aviso-legal\/","url":"https:\/\/www.iburmar.com\/WEB\/aviso-legal\/","name":"Aviso Legal","isPartOf":{"@id":"https:\/\/www.iburmar.com\/WEB\/#website"},"datePublished":"2016-05-12T08:08:08+00:00","dateModified":"2025-07-15T09:33:16+00:00","description":"- Caramelo de goma - Golosina","breadcrumb":{"@id":"https:\/\/www.iburmar.com\/WEB\/aviso-legal\/#breadcrumb"},"inLanguage":"es","potentialAction":[{"@type":"ReadAction","target":["https:\/\/www.iburmar.com\/WEB\/aviso-legal\/"]}]},{"@type":"BreadcrumbList","@id":"https:\/\/www.iburmar.com\/WEB\/aviso-legal\/#breadcrumb","itemListElement":[{"@type":"ListItem","position":1,"name":"Portada","item":"https:\/\/www.iburmar.com\/WEB\/"},{"@type":"ListItem","position":2,"name":"Aviso Legal"}]},{"@type":"WebSite","@id":"https:\/\/www.iburmar.com\/WEB\/#website","url":"https:\/\/www.iburmar.com\/WEB\/","name":"Burmar Shop","description":"Fabricamos todos nuestros productos en Espa\u00f1a con ingredientes de la m\u00e1xima calidad.","publisher":{"@id":"https:\/\/www.iburmar.com\/WEB\/#organization"},"potentialAction":[{"@type":"SearchAction","target":{"@type":"EntryPoint","urlTemplate":"https:\/\/www.iburmar.com\/WEB\/?s={search_term_string}"},"query-input":{"@type":"PropertyValueSpecification","valueRequired":true,"valueName":"search_term_string"}}],"inLanguage":"es"},{"@type":"Organization","@id":"https:\/\/www.iburmar.com\/WEB\/#organization","name":"Burmar Sweet","url":"https:\/\/www.iburmar.com\/WEB\/","logo":{"@type":"ImageObject","inLanguage":"es","@id":"https:\/\/www.iburmar.com\/WEB\/#\/schema\/logo\/image\/","url":"https:\/\/www.iburmar.com\/WEB\/wp-content\/uploads\/2022\/04\/LogoBurmar-1.png","contentUrl":"https:\/\/www.iburmar.com\/WEB\/wp-content\/uploads\/2022\/04\/LogoBurmar-1.png","width":500,"height":205,"caption":"Burmar Sweet"},"image":{"@id":"https:\/\/www.iburmar.com\/WEB\/#\/schema\/logo\/image\/"},"sameAs":["https:\/\/www.facebook.com\/iburmar\/","https:\/\/x.com\/BurmarSweet"]}]}},"_links":{"self":[{"href":"https:\/\/www.iburmar.com\/WEB\/wp-json\/wp\/v2\/pages\/360","targetHints":{"allow":["GET"]}}],"collection":[{"href":"https:\/\/www.iburmar.com\/WEB\/wp-json\/wp\/v2\/pages"}],"about":[{"href":"https:\/\/www.iburmar.com\/WEB\/wp-json\/wp\/v2\/types\/page"}],"author":[{"embeddable":true,"href":"https:\/\/www.iburmar.com\/WEB\/wp-json\/wp\/v2\/users\/1"}],"replies":[{"embeddable":true,"href":"https:\/\/www.iburmar.com\/WEB\/wp-json\/wp\/v2\/comments?post=360"}],"version-history":[{"count":5,"href":"https:\/\/www.iburmar.com\/WEB\/wp-json\/wp\/v2\/pages\/360\/revisions"}],"predecessor-version":[{"id":11797,"href":"https:\/\/www.iburmar.com\/WEB\/wp-json\/wp\/v2\/pages\/360\/revisions\/11797"}],"wp:attachment":[{"href":"https:\/\/www.iburmar.com\/WEB\/wp-json\/wp\/v2\/media?parent=360"}],"curies":[{"name":"wp","href":"https:\/\/api.w.org\/{rel}","templated":true}]}}