{"id":2,"date":"2016-05-04T14:34:47","date_gmt":"2016-05-04T14:34:47","guid":{"rendered":"http:\/\/www.iburmar.com\/WEB\/?page_id=2"},"modified":"2025-09-11T12:12:06","modified_gmt":"2025-09-11T12:12:06","slug":"burmar-sweet","status":"publish","type":"page","link":"https:\/\/www.iburmar.com\/WEB\/burmar-sweet\/","title":{"rendered":"BURMAR SWEETS"},"content":{"rendered":"<div id=\"pl-2\"  class=\"panel-layout\" ><div id=\"pg-2-0\"  class=\"panel-grid panel-no-style\" ><div id=\"pgc-2-0-0\"  class=\"panel-grid-cell\" ><div id=\"panel-2-0-0-0\" class=\"so-panel widget widget_sow-editor panel-first-child panel-last-child\" data-index=\"0\" ><div\n\t\t\t\n\t\t\tclass=\"so-widget-sow-editor so-widget-sow-editor-base\"\n\t\t\t\n\t\t>\n<div class=\"siteorigin-widget-tinymce textwidget\">\n\t<p><img loading=\"lazy\" decoding=\"async\" width=\"1500\" height=\"1061\" src=\"https:\/\/www.iburmar.com\/WEB\/wp-content\/uploads\/2025\/09\/Burmar-cartel-WHO.jpg\" class=\"alignnone size-medium wp-image-11843\" srcset=\"https:\/\/www.iburmar.com\/WEB\/wp-content\/uploads\/2025\/09\/Burmar-cartel-WHO.jpg 1500w, https:\/\/www.iburmar.com\/WEB\/wp-content\/uploads\/2025\/09\/Burmar-cartel-WHO-424x300.jpg 424w, https:\/\/www.iburmar.com\/WEB\/wp-content\/uploads\/2025\/09\/Burmar-cartel-WHO-810x573.jpg 810w, https:\/\/www.iburmar.com\/WEB\/wp-content\/uploads\/2025\/09\/Burmar-cartel-WHO-560x396.jpg 560w, https:\/\/www.iburmar.com\/WEB\/wp-content\/uploads\/2025\/09\/Burmar-cartel-WHO-919x650.jpg 919w, https:\/\/www.iburmar.com\/WEB\/wp-content\/uploads\/2025\/09\/Burmar-cartel-WHO-120x85.jpg 120w\" sizes=\"auto, (max-width: 1500px) 100vw, 1500px\" \/><\/p>\n<h3>Descubre el Dulce Mundo de Burmar<\/h3>\n<p>En el coraz\u00f3n de Burmar, m\u00e1s all\u00e1 de nuestras deliciosas golosinas, late una historia que se teje con amor, dedicaci\u00f3n y dulzura desde hace 50 a\u00f1os. Somos una empresa familiar que ha convertido la fabricaci\u00f3n de golosinas en un arte, y cada dulce que creamos es el resultado de d\u00e9cadas de pasi\u00f3n y compromiso.<\/p>\n<p>Nuestro viaje comienza en nuestro laboratorio, donde la magia cobra vida. Es aqu\u00ed donde nuestros maestros golosineros trabajan incansablemente para perfeccionar los colores, sabores y formas que hacen que nuestros productos sean \u00fanicos. Cada proyecto que nace en este santuario del dulce es m\u00e1s que una golosina; es una expresi\u00f3n de nuestra dedicaci\u00f3n a la excelencia.<\/p>\n<p>Burmar es una empresa que celebra la uni\u00f3n de generaciones. Trabajamos codo a codo, compartiendo secretos transmitidos de padres a hijos, creando no solo golosinas, sino tambi\u00e9n recuerdos que perduran en el tiempo. Esta conexi\u00f3n familiar es lo que nos hace fuertes, competitivos y, sobre todo, creativos en cada paso que damos.<\/p>\n<p>Especializados en golosina l\u00edquida refrescante y caramelos de gelatina, ofrecemos no solo productos, sino experiencias irresistibles. Nos esforzamos por destacar, por ser diferentes, porque sabemos que la vida est\u00e1 llena de peque\u00f1os momentos dulces que merecen ser extraordinarios.<\/p>\n<p>Pero Burmar Sweets no es solo una f\u00e1brica de golosinas; somos una familia que valora cada relaci\u00f3n construida a lo largo de los a\u00f1os. Creemos en la transparencia, la honestidad y en construir lazos cercanos con nuestros clientes. Para nosotros, no se trata solo de vender golosinas; se trata de compartir momentos de felicidad.<\/p>\n<p>Bienvenido a Burmar Sweets, donde cada golosina cuenta una historia y cada historia es un viaje dulce que compartimos contigo. \u00a1Descubre el placer en cada bocado y \u00fanete a nosotros en este viaje lleno de dulces emociones!<\/p>\n<\/div>\n<\/div><\/div><\/div><\/div><div id=\"pg-2-1\"  class=\"panel-grid panel-no-style\" ><div id=\"pgc-2-1-0\"  class=\"panel-grid-cell panel-grid-cell-empty\" ><\/div><\/div><\/div>","protected":false},"excerpt":{"rendered":"<p>Descubre el Dulce Mundo de Burmar En el coraz\u00f3n de Burmar, m\u00e1s all\u00e1 de nuestras deliciosas golosinas, late una historia que se teje con amor, dedicaci\u00f3n y dulzura desde hace 50 a\u00f1os. Somos una empresa familiar que ha convertido la fabricaci\u00f3n de golosinas en un arte, y cada dulce que creamos es el resultado de [&hellip;]<\/p>\n","protected":false},"author":1,"featured_media":0,"parent":0,"menu_order":0,"comment_status":"closed","ping_status":"open","template":"","meta":{"_monsterinsights_skip_tracking":false,"_monsterinsights_sitenote_active":false,"_monsterinsights_sitenote_note":"","_monsterinsights_sitenote_category":0,"footnotes":""},"class_list":["post-2","page","type-page","status-publish","hentry"],"yoast_head":"<!-- This site is optimized with the Yoast SEO plugin v25.4 - https:\/\/yoast.com\/wordpress\/plugins\/seo\/ -->\n<title>Somos una empresa familiar dedicada a la fabricaci\u00f3n de golosinas desde hace m\u00e1s de 40 a\u00f1os.<\/title>\n<meta name=\"description\" content=\"L\u00edder en la fabricaci\u00f3n de golosinas l\u00edquidas con marcas como Burmar Flax, Superflah, Flaggolosina o Rocko, y en bebida refrescante con Cantimplora Zumrok.\" \/>\n<meta name=\"robots\" content=\"index, follow, max-snippet:-1, max-image-preview:large, max-video-preview:-1\" \/>\n<link rel=\"canonical\" href=\"https:\/\/www.iburmar.com\/WEB\/burmar-sweet\/\" \/>\n<meta property=\"og:locale\" content=\"es_ES\" \/>\n<meta property=\"og:type\" content=\"article\" \/>\n<meta property=\"og:title\" content=\"Somos una empresa familiar dedicada a la fabricaci\u00f3n de golosinas desde hace m\u00e1s de 40 a\u00f1os.\" \/>\n<meta property=\"og:description\" content=\"L\u00edder en la fabricaci\u00f3n de golosinas l\u00edquidas con marcas como Burmar Flax, Superflah, Flaggolosina o Rocko, y en bebida refrescante con Cantimplora Zumrok.\" \/>\n<meta property=\"og:url\" content=\"https:\/\/www.iburmar.com\/WEB\/burmar-sweet\/\" \/>\n<meta property=\"og:site_name\" content=\"Burmar Shop\" \/>\n<meta property=\"article:publisher\" content=\"https:\/\/www.facebook.com\/iburmar\/\" \/>\n<meta property=\"article:modified_time\" content=\"2025-09-11T12:12:06+00:00\" \/>\n<meta property=\"og:image\" content=\"https:\/\/www.iburmar.com\/WEB\/wp-content\/uploads\/2025\/09\/Burmar-cartel-WHO.jpg\" \/>\n\t<meta property=\"og:image:width\" content=\"1500\" \/>\n\t<meta property=\"og:image:height\" content=\"1061\" \/>\n\t<meta property=\"og:image:type\" content=\"image\/jpeg\" \/>\n<meta name=\"twitter:card\" content=\"summary_large_image\" \/>\n<meta name=\"twitter:site\" content=\"@BurmarSweet\" \/>\n<meta name=\"twitter:label1\" content=\"Tiempo de lectura\" \/>\n\t<meta name=\"twitter:data1\" content=\"2 minutos\" \/>\n<script type=\"application\/ld+json\" class=\"yoast-schema-graph\">{\"@context\":\"https:\/\/schema.org\",\"@graph\":[{\"@type\":\"WebPage\",\"@id\":\"https:\/\/www.iburmar.com\/WEB\/burmar-sweet\/\",\"url\":\"https:\/\/www.iburmar.com\/WEB\/burmar-sweet\/\",\"name\":\"Somos una empresa familiar dedicada a la fabricaci\u00f3n de golosinas desde hace m\u00e1s de 40 a\u00f1os.\",\"isPartOf\":{\"@id\":\"https:\/\/www.iburmar.com\/WEB\/#website\"},\"primaryImageOfPage\":{\"@id\":\"https:\/\/www.iburmar.com\/WEB\/burmar-sweet\/#primaryimage\"},\"image\":{\"@id\":\"https:\/\/www.iburmar.com\/WEB\/burmar-sweet\/#primaryimage\"},\"thumbnailUrl\":\"https:\/\/www.iburmar.com\/WEB\/wp-content\/uploads\/2025\/09\/Burmar-cartel-WHO.jpg\",\"datePublished\":\"2016-05-04T14:34:47+00:00\",\"dateModified\":\"2025-09-11T12:12:06+00:00\",\"description\":\"L\u00edder en la fabricaci\u00f3n de golosinas l\u00edquidas con marcas como Burmar Flax, Superflah, Flaggolosina o Rocko, y en bebida refrescante con Cantimplora Zumrok.\",\"breadcrumb\":{\"@id\":\"https:\/\/www.iburmar.com\/WEB\/burmar-sweet\/#breadcrumb\"},\"inLanguage\":\"es\",\"potentialAction\":[{\"@type\":\"ReadAction\",\"target\":[\"https:\/\/www.iburmar.com\/WEB\/burmar-sweet\/\"]}]},{\"@type\":\"ImageObject\",\"inLanguage\":\"es\",\"@id\":\"https:\/\/www.iburmar.com\/WEB\/burmar-sweet\/#primaryimage\",\"url\":\"https:\/\/www.iburmar.com\/WEB\/wp-content\/uploads\/2025\/09\/Burmar-cartel-WHO.jpg\",\"contentUrl\":\"https:\/\/www.iburmar.com\/WEB\/wp-content\/uploads\/2025\/09\/Burmar-cartel-WHO.jpg\",\"width\":1500,\"height\":1061},{\"@type\":\"BreadcrumbList\",\"@id\":\"https:\/\/www.iburmar.com\/WEB\/burmar-sweet\/#breadcrumb\",\"itemListElement\":[{\"@type\":\"ListItem\",\"position\":1,\"name\":\"Portada\",\"item\":\"https:\/\/www.iburmar.com\/WEB\/\"},{\"@type\":\"ListItem\",\"position\":2,\"name\":\"BURMAR SWEETS\"}]},{\"@type\":\"WebSite\",\"@id\":\"https:\/\/www.iburmar.com\/WEB\/#website\",\"url\":\"https:\/\/www.iburmar.com\/WEB\/\",\"name\":\"Burmar Shop\",\"description\":\"Fabricamos todos nuestros productos en Espa\u00f1a con ingredientes de la m\u00e1xima calidad.\",\"publisher\":{\"@id\":\"https:\/\/www.iburmar.com\/WEB\/#organization\"},\"potentialAction\":[{\"@type\":\"SearchAction\",\"target\":{\"@type\":\"EntryPoint\",\"urlTemplate\":\"https:\/\/www.iburmar.com\/WEB\/?s={search_term_string}\"},\"query-input\":{\"@type\":\"PropertyValueSpecification\",\"valueRequired\":true,\"valueName\":\"search_term_string\"}}],\"inLanguage\":\"es\"},{\"@type\":\"Organization\",\"@id\":\"https:\/\/www.iburmar.com\/WEB\/#organization\",\"name\":\"Burmar Sweet\",\"url\":\"https:\/\/www.iburmar.com\/WEB\/\",\"logo\":{\"@type\":\"ImageObject\",\"inLanguage\":\"es\",\"@id\":\"https:\/\/www.iburmar.com\/WEB\/#\/schema\/logo\/image\/\",\"url\":\"https:\/\/www.iburmar.com\/WEB\/wp-content\/uploads\/2022\/04\/LogoBurmar-1.png\",\"contentUrl\":\"https:\/\/www.iburmar.com\/WEB\/wp-content\/uploads\/2022\/04\/LogoBurmar-1.png\",\"width\":500,\"height\":205,\"caption\":\"Burmar Sweet\"},\"image\":{\"@id\":\"https:\/\/www.iburmar.com\/WEB\/#\/schema\/logo\/image\/\"},\"sameAs\":[\"https:\/\/www.facebook.com\/iburmar\/\",\"https:\/\/x.com\/BurmarSweet\"]}]}<\/script>\n<!-- \/ Yoast SEO plugin. -->","yoast_head_json":{"title":"Somos una empresa familiar dedicada a la fabricaci\u00f3n de golosinas desde hace m\u00e1s de 40 a\u00f1os.","description":"L\u00edder en la fabricaci\u00f3n de golosinas l\u00edquidas con marcas como Burmar Flax, Superflah, Flaggolosina o Rocko, y en bebida refrescante con Cantimplora Zumrok.","robots":{"index":"index","follow":"follow","max-snippet":"max-snippet:-1","max-image-preview":"max-image-preview:large","max-video-preview":"max-video-preview:-1"},"canonical":"https:\/\/www.iburmar.com\/WEB\/burmar-sweet\/","og_locale":"es_ES","og_type":"article","og_title":"Somos una empresa familiar dedicada a la fabricaci\u00f3n de golosinas desde hace m\u00e1s de 40 a\u00f1os.","og_description":"L\u00edder en la fabricaci\u00f3n de golosinas l\u00edquidas con marcas como Burmar Flax, Superflah, Flaggolosina o Rocko, y en bebida refrescante con Cantimplora Zumrok.","og_url":"https:\/\/www.iburmar.com\/WEB\/burmar-sweet\/","og_site_name":"Burmar Shop","article_publisher":"https:\/\/www.facebook.com\/iburmar\/","article_modified_time":"2025-09-11T12:12:06+00:00","og_image":[{"width":1500,"height":1061,"url":"https:\/\/www.iburmar.com\/WEB\/wp-content\/uploads\/2025\/09\/Burmar-cartel-WHO.jpg","type":"image\/jpeg"}],"twitter_card":"summary_large_image","twitter_site":"@BurmarSweet","twitter_misc":{"Tiempo de lectura":"2 minutos"},"schema":{"@context":"https:\/\/schema.org","@graph":[{"@type":"WebPage","@id":"https:\/\/www.iburmar.com\/WEB\/burmar-sweet\/","url":"https:\/\/www.iburmar.com\/WEB\/burmar-sweet\/","name":"Somos una empresa familiar dedicada a la fabricaci\u00f3n de golosinas desde hace m\u00e1s de 40 a\u00f1os.","isPartOf":{"@id":"https:\/\/www.iburmar.com\/WEB\/#website"},"primaryImageOfPage":{"@id":"https:\/\/www.iburmar.com\/WEB\/burmar-sweet\/#primaryimage"},"image":{"@id":"https:\/\/www.iburmar.com\/WEB\/burmar-sweet\/#primaryimage"},"thumbnailUrl":"https:\/\/www.iburmar.com\/WEB\/wp-content\/uploads\/2025\/09\/Burmar-cartel-WHO.jpg","datePublished":"2016-05-04T14:34:47+00:00","dateModified":"2025-09-11T12:12:06+00:00","description":"L\u00edder en la fabricaci\u00f3n de golosinas l\u00edquidas con marcas como Burmar Flax, Superflah, Flaggolosina o Rocko, y en bebida refrescante con Cantimplora Zumrok.","breadcrumb":{"@id":"https:\/\/www.iburmar.com\/WEB\/burmar-sweet\/#breadcrumb"},"inLanguage":"es","potentialAction":[{"@type":"ReadAction","target":["https:\/\/www.iburmar.com\/WEB\/burmar-sweet\/"]}]},{"@type":"ImageObject","inLanguage":"es","@id":"https:\/\/www.iburmar.com\/WEB\/burmar-sweet\/#primaryimage","url":"https:\/\/www.iburmar.com\/WEB\/wp-content\/uploads\/2025\/09\/Burmar-cartel-WHO.jpg","contentUrl":"https:\/\/www.iburmar.com\/WEB\/wp-content\/uploads\/2025\/09\/Burmar-cartel-WHO.jpg","width":1500,"height":1061},{"@type":"BreadcrumbList","@id":"https:\/\/www.iburmar.com\/WEB\/burmar-sweet\/#breadcrumb","itemListElement":[{"@type":"ListItem","position":1,"name":"Portada","item":"https:\/\/www.iburmar.com\/WEB\/"},{"@type":"ListItem","position":2,"name":"BURMAR SWEETS"}]},{"@type":"WebSite","@id":"https:\/\/www.iburmar.com\/WEB\/#website","url":"https:\/\/www.iburmar.com\/WEB\/","name":"Burmar Shop","description":"Fabricamos todos nuestros productos en Espa\u00f1a con ingredientes de la m\u00e1xima calidad.","publisher":{"@id":"https:\/\/www.iburmar.com\/WEB\/#organization"},"potentialAction":[{"@type":"SearchAction","target":{"@type":"EntryPoint","urlTemplate":"https:\/\/www.iburmar.com\/WEB\/?s={search_term_string}"},"query-input":{"@type":"PropertyValueSpecification","valueRequired":true,"valueName":"search_term_string"}}],"inLanguage":"es"},{"@type":"Organization","@id":"https:\/\/www.iburmar.com\/WEB\/#organization","name":"Burmar Sweet","url":"https:\/\/www.iburmar.com\/WEB\/","logo":{"@type":"ImageObject","inLanguage":"es","@id":"https:\/\/www.iburmar.com\/WEB\/#\/schema\/logo\/image\/","url":"https:\/\/www.iburmar.com\/WEB\/wp-content\/uploads\/2022\/04\/LogoBurmar-1.png","contentUrl":"https:\/\/www.iburmar.com\/WEB\/wp-content\/uploads\/2022\/04\/LogoBurmar-1.png","width":500,"height":205,"caption":"Burmar Sweet"},"image":{"@id":"https:\/\/www.iburmar.com\/WEB\/#\/schema\/logo\/image\/"},"sameAs":["https:\/\/www.facebook.com\/iburmar\/","https:\/\/x.com\/BurmarSweet"]}]}},"_links":{"self":[{"href":"https:\/\/www.iburmar.com\/WEB\/wp-json\/wp\/v2\/pages\/2","targetHints":{"allow":["GET"]}}],"collection":[{"href":"https:\/\/www.iburmar.com\/WEB\/wp-json\/wp\/v2\/pages"}],"about":[{"href":"https:\/\/www.iburmar.com\/WEB\/wp-json\/wp\/v2\/types\/page"}],"author":[{"embeddable":true,"href":"https:\/\/www.iburmar.com\/WEB\/wp-json\/wp\/v2\/users\/1"}],"replies":[{"embeddable":true,"href":"https:\/\/www.iburmar.com\/WEB\/wp-json\/wp\/v2\/comments?post=2"}],"version-history":[{"count":28,"href":"https:\/\/www.iburmar.com\/WEB\/wp-json\/wp\/v2\/pages\/2\/revisions"}],"predecessor-version":[{"id":11844,"href":"https:\/\/www.iburmar.com\/WEB\/wp-json\/wp\/v2\/pages\/2\/revisions\/11844"}],"wp:attachment":[{"href":"https:\/\/www.iburmar.com\/WEB\/wp-json\/wp\/v2\/media?parent=2"}],"curies":[{"name":"wp","href":"https:\/\/api.w.org\/{rel}","templated":true}]}}