{"id":173,"date":"2016-05-06T10:27:10","date_gmt":"2016-05-06T10:27:10","guid":{"rendered":"http:\/\/www.iburmar.com\/WEB\/?page_id=173"},"modified":"2020-10-16T10:13:19","modified_gmt":"2020-10-16T10:13:19","slug":"idi","status":"publish","type":"page","link":"https:\/\/www.iburmar.com\/WEB\/idi\/","title":{"rendered":"I+D+I"},"content":{"rendered":"<div id=\"pl-173\"  class=\"panel-layout\" ><div id=\"pg-173-0\"  class=\"panel-grid panel-no-style\" ><div id=\"pgc-173-0-0\"  class=\"panel-grid-cell\" ><div id=\"panel-173-0-0-0\" class=\"so-panel widget widget_sow-editor panel-first-child panel-last-child\" data-index=\"0\" ><div\n\t\t\t\n\t\t\tclass=\"so-widget-sow-editor so-widget-sow-editor-base\"\n\t\t\t\n\t\t>\n<div class=\"siteorigin-widget-tinymce textwidget\">\n\t<p style=\"text-align: justify;\">En la b\u00fasqueda de la calidad y la innovaci\u00f3n, BURMAR cuenta con un departamento espec\u00edfico que trabaja en la b\u00fasqueda de nuevas f\u00f3rmulas, la aplicaci\u00f3n de ingredientes funcionales y saludables y la creaci\u00f3n de productos m\u00e1s naturales.<\/p>\n<p style=\"text-align: justify;\">\u00a0<\/p>\n<\/div>\n<\/div><\/div><\/div><\/div><div id=\"pg-173-1\"  class=\"panel-grid panel-no-style\" ><div id=\"pgc-173-1-0\"  class=\"panel-grid-cell\" ><div id=\"panel-173-1-0-0\" class=\"so-panel widget widget_sow-image panel-first-child panel-last-child\" data-index=\"1\" ><div\n\t\t\t\n\t\t\tclass=\"so-widget-sow-image so-widget-sow-image-default-8b5b6f678277-173\"\n\t\t\t\n\t\t>\n<div class=\"sow-image-container\">\n\t\t<img \n\tsrc=\"https:\/\/www.iburmar.com\/WEB\/wp-content\/uploads\/2016\/05\/Foto1_Material.jpg\" width=\"450\" height=\"300\" srcset=\"https:\/\/www.iburmar.com\/WEB\/wp-content\/uploads\/2016\/05\/Foto1_Material.jpg 600w, https:\/\/www.iburmar.com\/WEB\/wp-content\/uploads\/2016\/05\/Foto1_Material-560x373.jpg 560w, https:\/\/www.iburmar.com\/WEB\/wp-content\/uploads\/2016\/05\/Foto1_Material-120x80.jpg 120w, https:\/\/www.iburmar.com\/WEB\/wp-content\/uploads\/2016\/05\/Foto1_Material-272x182.jpg 272w\" sizes=\"(max-width: 450px) 100vw, 450px\" title=\"foto1_material\" alt=\"\" \t\tclass=\"so-widget-image\"\/>\n\t<\/div>\n\n<\/div><\/div><\/div><div id=\"pgc-173-1-1\"  class=\"panel-grid-cell\" ><div id=\"panel-173-1-1-0\" class=\"so-panel widget widget_sow-image panel-first-child panel-last-child\" data-index=\"2\" ><div\n\t\t\t\n\t\t\tclass=\"so-widget-sow-image so-widget-sow-image-default-8b5b6f678277-173\"\n\t\t\t\n\t\t>\n<div class=\"sow-image-container\">\n\t\t<img \n\tsrc=\"https:\/\/www.iburmar.com\/WEB\/wp-content\/uploads\/2016\/05\/Foto2_Mezclando.jpg\" width=\"450\" height=\"300\" srcset=\"https:\/\/www.iburmar.com\/WEB\/wp-content\/uploads\/2016\/05\/Foto2_Mezclando.jpg 600w, https:\/\/www.iburmar.com\/WEB\/wp-content\/uploads\/2016\/05\/Foto2_Mezclando-560x373.jpg 560w, https:\/\/www.iburmar.com\/WEB\/wp-content\/uploads\/2016\/05\/Foto2_Mezclando-120x80.jpg 120w, https:\/\/www.iburmar.com\/WEB\/wp-content\/uploads\/2016\/05\/Foto2_Mezclando-272x182.jpg 272w\" sizes=\"(max-width: 450px) 100vw, 450px\" title=\"foto2_mezclando\" alt=\"\" \t\tclass=\"so-widget-image\"\/>\n\t<\/div>\n\n<\/div><\/div><\/div><\/div><div id=\"pg-173-2\"  class=\"panel-grid panel-has-style\" ><div class=\"panel-row-style panel-row-style-for-173-2\" ><div id=\"pgc-173-2-0\"  class=\"panel-grid-cell\" ><div id=\"panel-173-2-0-0\" class=\"so-panel widget widget_sow-editor panel-first-child panel-last-child\" data-index=\"3\" ><div\n\t\t\t\n\t\t\tclass=\"so-widget-sow-editor so-widget-sow-editor-base\"\n\t\t\t\n\t\t>\n<div class=\"siteorigin-widget-tinymce textwidget\">\n\t<p>En esa apuesta por la innovaci\u00f3n y la calidad, se crea <em><i>BURMAR GOURMET: <\/i><\/em>la primera golosina gourmet, natural, con zumo de frutas y con ingredientes funcionales en Espa\u00f1a, con dos l\u00edneas diferenciadas bajo las marcas: <em><i>The Beauty\u00b4s by Burmar<\/i><\/em> <em><i>y Burmar Calcio y Miel. <\/i><\/em>Todos los productos son sin grasa, sin conservantes y sin colorantes artificiales y libres de gluten, lactosa y al\u00e9rgenos<em><i>.<\/i><\/em><\/p>\n<\/div>\n<\/div><\/div><\/div><\/div><\/div><div id=\"pg-173-3\"  class=\"panel-grid panel-no-style\" ><div id=\"pgc-173-3-0\"  class=\"panel-grid-cell\" ><div id=\"panel-173-3-0-0\" class=\"so-panel widget widget_sow-image panel-first-child panel-last-child\" data-index=\"4\" ><div\n\t\t\t\n\t\t\tclass=\"so-widget-sow-image so-widget-sow-image-default-8b5b6f678277-173\"\n\t\t\t\n\t\t>\n<div class=\"sow-image-container\">\n\t\t<img \n\tsrc=\"https:\/\/www.iburmar.com\/WEB\/wp-content\/uploads\/2016\/05\/Foto3_depositando.jpg\" width=\"450\" height=\"300\" srcset=\"https:\/\/www.iburmar.com\/WEB\/wp-content\/uploads\/2016\/05\/Foto3_depositando.jpg 600w, https:\/\/www.iburmar.com\/WEB\/wp-content\/uploads\/2016\/05\/Foto3_depositando-560x373.jpg 560w, https:\/\/www.iburmar.com\/WEB\/wp-content\/uploads\/2016\/05\/Foto3_depositando-120x80.jpg 120w, https:\/\/www.iburmar.com\/WEB\/wp-content\/uploads\/2016\/05\/Foto3_depositando-272x182.jpg 272w\" sizes=\"(max-width: 450px) 100vw, 450px\" title=\"foto3_depositando\" alt=\"\" \t\tclass=\"so-widget-image\"\/>\n\t<\/div>\n\n<\/div><\/div><\/div><div id=\"pgc-173-3-1\"  class=\"panel-grid-cell\" ><div id=\"panel-173-3-1-0\" class=\"so-panel widget widget_sow-image panel-first-child panel-last-child\" data-index=\"5\" ><div\n\t\t\t\n\t\t\tclass=\"so-widget-sow-image so-widget-sow-image-default-8b5b6f678277-173\"\n\t\t\t\n\t\t>\n<div class=\"sow-image-container\">\n\t\t<img \n\tsrc=\"https:\/\/www.iburmar.com\/WEB\/wp-content\/uploads\/2016\/05\/Foto4_pesando.jpg\" width=\"450\" height=\"300\" srcset=\"https:\/\/www.iburmar.com\/WEB\/wp-content\/uploads\/2016\/05\/Foto4_pesando.jpg 600w, https:\/\/www.iburmar.com\/WEB\/wp-content\/uploads\/2016\/05\/Foto4_pesando-560x373.jpg 560w, https:\/\/www.iburmar.com\/WEB\/wp-content\/uploads\/2016\/05\/Foto4_pesando-120x80.jpg 120w, https:\/\/www.iburmar.com\/WEB\/wp-content\/uploads\/2016\/05\/Foto4_pesando-272x182.jpg 272w\" sizes=\"(max-width: 450px) 100vw, 450px\" title=\"foto4_pesando\" alt=\"\" \t\tclass=\"so-widget-image\"\/>\n\t<\/div>\n\n<\/div><\/div><\/div><\/div><div id=\"pg-173-4\"  class=\"panel-grid panel-has-style\" ><div class=\"panel-row-style panel-row-style-for-173-4\" ><div id=\"pgc-173-4-0\"  class=\"panel-grid-cell\" ><div id=\"panel-173-4-0-0\" class=\"so-panel widget widget_sow-editor panel-first-child panel-last-child\" data-index=\"6\" ><div\n\t\t\t\n\t\t\tclass=\"so-widget-sow-editor so-widget-sow-editor-base\"\n\t\t\t\n\t\t>\n<div class=\"siteorigin-widget-tinymce textwidget\">\n\t<p style=\"text-align: justify;\">Nuestro objetivo, cumplir las expectativas de nuestros clientes y anticiparnos a las demandas de los consumidores, ofreciendo la m\u00e1s alta calidad y productos elaborados con los mejores ingredientes y seguir siendo una referencia en la confiter\u00eda de calidad en Espa\u00f1a, para lo que trabajamos con ilusi\u00f3n.<\/p>\n<p style=\"text-align: justify;\">Si desea ponerse en contacto con nuestro departamento de calidad, puede hacerlo en <a href=\"mailto:calidad@iburmar.com\" target=\"_blank\">calidad@iburmar.com<\/a>\u00a0\u00a0<\/p>\n<p style=\"text-align: justify;\">\u00a0<\/p>\n<\/div>\n<\/div><\/div><\/div><\/div><\/div><\/div>","protected":false},"excerpt":{"rendered":"<p>En la b\u00fasqueda de la calidad y la innovaci\u00f3n, BURMAR cuenta con un departamento espec\u00edfico que trabaja en la b\u00fasqueda de nuevas f\u00f3rmulas, la aplicaci\u00f3n de ingredientes funcionales y saludables y la creaci\u00f3n de productos m\u00e1s naturales.\u00a0<\/p>\n","protected":false},"author":1,"featured_media":0,"parent":0,"menu_order":0,"comment_status":"closed","ping_status":"closed","template":"","meta":{"_monsterinsights_skip_tracking":false,"_monsterinsights_sitenote_active":false,"_monsterinsights_sitenote_note":"","_monsterinsights_sitenote_category":0,"footnotes":""},"class_list":["post-173","page","type-page","status-publish","hentry"],"yoast_head":"<!-- This site is optimized with the Yoast SEO plugin v25.4 - https:\/\/yoast.com\/wordpress\/plugins\/seo\/ -->\n<title>Investigaci\u00f3n y desarrollo<\/title>\n<meta name=\"description\" content=\"Investigaci\u00f3n y desarrollo.\" \/>\n<meta name=\"robots\" content=\"index, follow, max-snippet:-1, max-image-preview:large, max-video-preview:-1\" \/>\n<link rel=\"canonical\" href=\"https:\/\/www.iburmar.com\/WEB\/idi\/\" \/>\n<meta property=\"og:locale\" content=\"es_ES\" \/>\n<meta property=\"og:type\" content=\"article\" \/>\n<meta property=\"og:title\" content=\"Investigaci\u00f3n y desarrollo\" \/>\n<meta property=\"og:description\" content=\"Investigaci\u00f3n y desarrollo.\" \/>\n<meta property=\"og:url\" content=\"https:\/\/www.iburmar.com\/WEB\/idi\/\" \/>\n<meta property=\"og:site_name\" content=\"Burmar Shop\" \/>\n<meta property=\"article:publisher\" content=\"https:\/\/www.facebook.com\/iburmar\/\" \/>\n<meta property=\"article:modified_time\" content=\"2020-10-16T10:13:19+00:00\" \/>\n<meta property=\"og:image\" content=\"http:\/\/www.iburmar.com\/WEB\/wp-content\/uploads\/2016\/05\/Foto1_Material.jpg\" \/>\n<meta name=\"twitter:card\" content=\"summary_large_image\" \/>\n<meta name=\"twitter:site\" content=\"@BurmarSweet\" \/>\n<meta name=\"twitter:label1\" content=\"Tiempo de lectura\" \/>\n\t<meta name=\"twitter:data1\" content=\"1 minuto\" \/>\n<script type=\"application\/ld+json\" class=\"yoast-schema-graph\">{\"@context\":\"https:\/\/schema.org\",\"@graph\":[{\"@type\":\"WebPage\",\"@id\":\"https:\/\/www.iburmar.com\/WEB\/idi\/\",\"url\":\"https:\/\/www.iburmar.com\/WEB\/idi\/\",\"name\":\"Investigaci\u00f3n y desarrollo\",\"isPartOf\":{\"@id\":\"https:\/\/www.iburmar.com\/WEB\/#website\"},\"primaryImageOfPage\":{\"@id\":\"https:\/\/www.iburmar.com\/WEB\/idi\/#primaryimage\"},\"image\":{\"@id\":\"https:\/\/www.iburmar.com\/WEB\/idi\/#primaryimage\"},\"thumbnailUrl\":\"http:\/\/www.iburmar.com\/WEB\/wp-content\/uploads\/2016\/05\/Foto1_Material.jpg\",\"datePublished\":\"2016-05-06T10:27:10+00:00\",\"dateModified\":\"2020-10-16T10:13:19+00:00\",\"description\":\"Investigaci\u00f3n y desarrollo.\",\"breadcrumb\":{\"@id\":\"https:\/\/www.iburmar.com\/WEB\/idi\/#breadcrumb\"},\"inLanguage\":\"es\",\"potentialAction\":[{\"@type\":\"ReadAction\",\"target\":[\"https:\/\/www.iburmar.com\/WEB\/idi\/\"]}]},{\"@type\":\"ImageObject\",\"inLanguage\":\"es\",\"@id\":\"https:\/\/www.iburmar.com\/WEB\/idi\/#primaryimage\",\"url\":\"http:\/\/www.iburmar.com\/WEB\/wp-content\/uploads\/2016\/05\/Foto1_Material.jpg\",\"contentUrl\":\"http:\/\/www.iburmar.com\/WEB\/wp-content\/uploads\/2016\/05\/Foto1_Material.jpg\"},{\"@type\":\"BreadcrumbList\",\"@id\":\"https:\/\/www.iburmar.com\/WEB\/idi\/#breadcrumb\",\"itemListElement\":[{\"@type\":\"ListItem\",\"position\":1,\"name\":\"Portada\",\"item\":\"https:\/\/www.iburmar.com\/WEB\/\"},{\"@type\":\"ListItem\",\"position\":2,\"name\":\"I+D+I\"}]},{\"@type\":\"WebSite\",\"@id\":\"https:\/\/www.iburmar.com\/WEB\/#website\",\"url\":\"https:\/\/www.iburmar.com\/WEB\/\",\"name\":\"Burmar Shop\",\"description\":\"Fabricamos todos nuestros productos en Espa\u00f1a con ingredientes de la m\u00e1xima calidad.\",\"publisher\":{\"@id\":\"https:\/\/www.iburmar.com\/WEB\/#organization\"},\"potentialAction\":[{\"@type\":\"SearchAction\",\"target\":{\"@type\":\"EntryPoint\",\"urlTemplate\":\"https:\/\/www.iburmar.com\/WEB\/?s={search_term_string}\"},\"query-input\":{\"@type\":\"PropertyValueSpecification\",\"valueRequired\":true,\"valueName\":\"search_term_string\"}}],\"inLanguage\":\"es\"},{\"@type\":\"Organization\",\"@id\":\"https:\/\/www.iburmar.com\/WEB\/#organization\",\"name\":\"Burmar Sweet\",\"url\":\"https:\/\/www.iburmar.com\/WEB\/\",\"logo\":{\"@type\":\"ImageObject\",\"inLanguage\":\"es\",\"@id\":\"https:\/\/www.iburmar.com\/WEB\/#\/schema\/logo\/image\/\",\"url\":\"https:\/\/www.iburmar.com\/WEB\/wp-content\/uploads\/2022\/04\/LogoBurmar-1.png\",\"contentUrl\":\"https:\/\/www.iburmar.com\/WEB\/wp-content\/uploads\/2022\/04\/LogoBurmar-1.png\",\"width\":500,\"height\":205,\"caption\":\"Burmar Sweet\"},\"image\":{\"@id\":\"https:\/\/www.iburmar.com\/WEB\/#\/schema\/logo\/image\/\"},\"sameAs\":[\"https:\/\/www.facebook.com\/iburmar\/\",\"https:\/\/x.com\/BurmarSweet\"]}]}<\/script>\n<!-- \/ Yoast SEO plugin. -->","yoast_head_json":{"title":"Investigaci\u00f3n y desarrollo","description":"Investigaci\u00f3n y desarrollo.","robots":{"index":"index","follow":"follow","max-snippet":"max-snippet:-1","max-image-preview":"max-image-preview:large","max-video-preview":"max-video-preview:-1"},"canonical":"https:\/\/www.iburmar.com\/WEB\/idi\/","og_locale":"es_ES","og_type":"article","og_title":"Investigaci\u00f3n y desarrollo","og_description":"Investigaci\u00f3n y desarrollo.","og_url":"https:\/\/www.iburmar.com\/WEB\/idi\/","og_site_name":"Burmar Shop","article_publisher":"https:\/\/www.facebook.com\/iburmar\/","article_modified_time":"2020-10-16T10:13:19+00:00","og_image":[{"url":"http:\/\/www.iburmar.com\/WEB\/wp-content\/uploads\/2016\/05\/Foto1_Material.jpg","type":"","width":"","height":""}],"twitter_card":"summary_large_image","twitter_site":"@BurmarSweet","twitter_misc":{"Tiempo de lectura":"1 minuto"},"schema":{"@context":"https:\/\/schema.org","@graph":[{"@type":"WebPage","@id":"https:\/\/www.iburmar.com\/WEB\/idi\/","url":"https:\/\/www.iburmar.com\/WEB\/idi\/","name":"Investigaci\u00f3n y desarrollo","isPartOf":{"@id":"https:\/\/www.iburmar.com\/WEB\/#website"},"primaryImageOfPage":{"@id":"https:\/\/www.iburmar.com\/WEB\/idi\/#primaryimage"},"image":{"@id":"https:\/\/www.iburmar.com\/WEB\/idi\/#primaryimage"},"thumbnailUrl":"http:\/\/www.iburmar.com\/WEB\/wp-content\/uploads\/2016\/05\/Foto1_Material.jpg","datePublished":"2016-05-06T10:27:10+00:00","dateModified":"2020-10-16T10:13:19+00:00","description":"Investigaci\u00f3n y desarrollo.","breadcrumb":{"@id":"https:\/\/www.iburmar.com\/WEB\/idi\/#breadcrumb"},"inLanguage":"es","potentialAction":[{"@type":"ReadAction","target":["https:\/\/www.iburmar.com\/WEB\/idi\/"]}]},{"@type":"ImageObject","inLanguage":"es","@id":"https:\/\/www.iburmar.com\/WEB\/idi\/#primaryimage","url":"http:\/\/www.iburmar.com\/WEB\/wp-content\/uploads\/2016\/05\/Foto1_Material.jpg","contentUrl":"http:\/\/www.iburmar.com\/WEB\/wp-content\/uploads\/2016\/05\/Foto1_Material.jpg"},{"@type":"BreadcrumbList","@id":"https:\/\/www.iburmar.com\/WEB\/idi\/#breadcrumb","itemListElement":[{"@type":"ListItem","position":1,"name":"Portada","item":"https:\/\/www.iburmar.com\/WEB\/"},{"@type":"ListItem","position":2,"name":"I+D+I"}]},{"@type":"WebSite","@id":"https:\/\/www.iburmar.com\/WEB\/#website","url":"https:\/\/www.iburmar.com\/WEB\/","name":"Burmar Shop","description":"Fabricamos todos nuestros productos en Espa\u00f1a con ingredientes de la m\u00e1xima calidad.","publisher":{"@id":"https:\/\/www.iburmar.com\/WEB\/#organization"},"potentialAction":[{"@type":"SearchAction","target":{"@type":"EntryPoint","urlTemplate":"https:\/\/www.iburmar.com\/WEB\/?s={search_term_string}"},"query-input":{"@type":"PropertyValueSpecification","valueRequired":true,"valueName":"search_term_string"}}],"inLanguage":"es"},{"@type":"Organization","@id":"https:\/\/www.iburmar.com\/WEB\/#organization","name":"Burmar Sweet","url":"https:\/\/www.iburmar.com\/WEB\/","logo":{"@type":"ImageObject","inLanguage":"es","@id":"https:\/\/www.iburmar.com\/WEB\/#\/schema\/logo\/image\/","url":"https:\/\/www.iburmar.com\/WEB\/wp-content\/uploads\/2022\/04\/LogoBurmar-1.png","contentUrl":"https:\/\/www.iburmar.com\/WEB\/wp-content\/uploads\/2022\/04\/LogoBurmar-1.png","width":500,"height":205,"caption":"Burmar Sweet"},"image":{"@id":"https:\/\/www.iburmar.com\/WEB\/#\/schema\/logo\/image\/"},"sameAs":["https:\/\/www.facebook.com\/iburmar\/","https:\/\/x.com\/BurmarSweet"]}]}},"_links":{"self":[{"href":"https:\/\/www.iburmar.com\/WEB\/wp-json\/wp\/v2\/pages\/173","targetHints":{"allow":["GET"]}}],"collection":[{"href":"https:\/\/www.iburmar.com\/WEB\/wp-json\/wp\/v2\/pages"}],"about":[{"href":"https:\/\/www.iburmar.com\/WEB\/wp-json\/wp\/v2\/types\/page"}],"author":[{"embeddable":true,"href":"https:\/\/www.iburmar.com\/WEB\/wp-json\/wp\/v2\/users\/1"}],"replies":[{"embeddable":true,"href":"https:\/\/www.iburmar.com\/WEB\/wp-json\/wp\/v2\/comments?post=173"}],"version-history":[{"count":6,"href":"https:\/\/www.iburmar.com\/WEB\/wp-json\/wp\/v2\/pages\/173\/revisions"}],"predecessor-version":[{"id":4446,"href":"https:\/\/www.iburmar.com\/WEB\/wp-json\/wp\/v2\/pages\/173\/revisions\/4446"}],"wp:attachment":[{"href":"https:\/\/www.iburmar.com\/WEB\/wp-json\/wp\/v2\/media?parent=173"}],"curies":[{"name":"wp","href":"https:\/\/api.w.org\/{rel}","templated":true}]}}